{"id":725,"date":"2026-04-12T15:43:23","date_gmt":"2026-04-12T15:43:23","guid":{"rendered":"https:\/\/silk-pajamas.com\/19-momme-charmeuse-silk-hair-towel-wrap-turban-rose-factory\/"},"modified":"2026-05-08T06:13:12","modified_gmt":"2026-05-08T06:13:12","slug":"19-momme-charmeuse-silk-hair-towel-wrap-turban-rose-factory","status":"publish","type":"product","link":"https:\/\/silk-pajamas.com\/de\/19-momme-charmeuse-silk-hair-towel-wrap-turban-rose-factory\/","title":{"rendered":"19 Momme Charmeuse Seide Haartuch Wrap Turban Rose Factory"},"content":{"rendered":"<p>Dieses aus 19 Momme-Charmeuse-Seide gefertigte Haartuch ist atmungsaktiv, f\u00fchlt sich sanft auf der Haut an und l\u00e4sst sich elegant bewegen. Die Turban-Konstruktion und die rosa Farbe sorgen f\u00fcr einen eleganten Look bei der Pflege von langem Haar. Erh\u00e4ltlich in Einheitsgr\u00f6\u00dfe. Kalt von Hand waschen und an der Leine trocknen.<\/p>","protected":false},"excerpt":{"rendered":"<p>19 Momme Charmeuse Seiden-Haarwickelhandtuch in Rose. Turbanf\u00f6rmiges Finish, atmungsaktives Gef\u00fchl und Gr\u00f6\u00dfenbereich One Size. Entworfen f\u00fcr die Pflege von langem Haar.<\/p>","protected":false},"featured_media":2072,"template":"","meta":{"_gspb_post_css":""},"product_brand":[],"product_cat":[38],"product_tag":[467,468,450],"class_list":{"0":"post-725","1":"product","2":"type-product","3":"status-publish","4":"has-post-thumbnail","6":"product_cat-silk-hair-towel-wrap","7":"product_tag-19-momme-silk-hair-towel-wrap-rose","8":"product_tag-charmeuse-silk-hair-towel-wrap-turban","9":"product_tag-wholesale-silk-hair-towel-wrap-for-long-hair-care","11":"first","12":"instock","13":"shipping-taxable","14":"purchasable","15":"product-type-simple"},"_links":{"self":[{"href":"https:\/\/silk-pajamas.com\/de\/wp-json\/wp\/v2\/product\/725","targetHints":{"allow":["GET"]}}],"collection":[{"href":"https:\/\/silk-pajamas.com\/de\/wp-json\/wp\/v2\/product"}],"about":[{"href":"https:\/\/silk-pajamas.com\/de\/wp-json\/wp\/v2\/types\/product"}],"wp:featuredmedia":[{"embeddable":true,"href":"https:\/\/silk-pajamas.com\/de\/wp-json\/wp\/v2\/media\/2072"}],"wp:attachment":[{"href":"https:\/\/silk-pajamas.com\/de\/wp-json\/wp\/v2\/media?parent=725"}],"wp:term":[{"taxonomy":"product_brand","embeddable":true,"href":"https:\/\/silk-pajamas.com\/de\/wp-json\/wp\/v2\/product_brand?post=725"},{"taxonomy":"product_cat","embeddable":true,"href":"https:\/\/silk-pajamas.com\/de\/wp-json\/wp\/v2\/product_cat?post=725"},{"taxonomy":"product_tag","embeddable":true,"href":"https:\/\/silk-pajamas.com\/de\/wp-json\/wp\/v2\/product_tag?post=725"}],"curies":[{"name":"wp","href":"https:\/\/api.w.org\/{rel}","templated":true}]}}