{"id":726,"date":"2026-04-12T15:43:23","date_gmt":"2026-04-12T15:43:23","guid":{"rendered":"https:\/\/silk-pajamas.com\/19-momme-soft-shine-silk-hair-wrap-button-loop-leopard\/"},"modified":"2026-05-08T06:20:03","modified_gmt":"2026-05-08T06:20:03","slug":"19-momme-soft-shine-silk-hair-wrap-button-loop-leopard","status":"publish","type":"product","link":"https:\/\/silk-pajamas.com\/de\/19-momme-soft-shine-silk-hair-wrap-button-loop-leopard\/","title":{"rendered":"19 Momme Soft Shine Silk Hair Wrap Knopf Schleife Leopard"},"content":{"rendered":"<p>Dieses aus 19 momme weicher, gl\u00e4nzender Seide gefertigte Haarbandtuch kombiniert eine Knopfschlaufe mit weichem Glanz und atmungsaktivem Gef\u00fchl. Das Leoparden-Finish verleiht ihm einen raffinierten Look, w\u00e4hrend die Gr\u00f6\u00dfe One Size den Kernbedarf abdeckt. Geeignet f\u00fcr die t\u00e4gliche Haarpflege und die Garderobe der ganzen Saison. Kalt von Hand waschen und an der Leine trocknen.<\/p>","protected":false},"excerpt":{"rendered":"<p>19 Momme Soft Shine Seiden-Haarwickelhandtuch in Leopard. Mit Knopfleiste, atmungsaktiv und in der Gr\u00f6\u00dfe One Size erh\u00e4ltlich. Entworfen f\u00fcr die t\u00e4gliche Haarpflege.<\/p>","protected":false},"featured_media":2078,"template":"","meta":{"_gspb_post_css":""},"product_brand":[],"product_cat":[38],"product_tag":[469,444,470],"class_list":{"0":"post-726","1":"product","2":"type-product","3":"status-publish","4":"has-post-thumbnail","6":"product_cat-silk-hair-towel-wrap","7":"product_tag-19-momme-silk-hair-towel-wrap-leopard","8":"product_tag-manufacturer-silk-hair-towel-wrap-for-daily-hair-care","9":"product_tag-soft-shine-silk-hair-towel-wrap-button-loop","11":"first","12":"instock","13":"featured","14":"shipping-taxable","15":"purchasable","16":"product-type-simple"},"_links":{"self":[{"href":"https:\/\/silk-pajamas.com\/de\/wp-json\/wp\/v2\/product\/726","targetHints":{"allow":["GET"]}}],"collection":[{"href":"https:\/\/silk-pajamas.com\/de\/wp-json\/wp\/v2\/product"}],"about":[{"href":"https:\/\/silk-pajamas.com\/de\/wp-json\/wp\/v2\/types\/product"}],"wp:featuredmedia":[{"embeddable":true,"href":"https:\/\/silk-pajamas.com\/de\/wp-json\/wp\/v2\/media\/2078"}],"wp:attachment":[{"href":"https:\/\/silk-pajamas.com\/de\/wp-json\/wp\/v2\/media?parent=726"}],"wp:term":[{"taxonomy":"product_brand","embeddable":true,"href":"https:\/\/silk-pajamas.com\/de\/wp-json\/wp\/v2\/product_brand?post=726"},{"taxonomy":"product_cat","embeddable":true,"href":"https:\/\/silk-pajamas.com\/de\/wp-json\/wp\/v2\/product_cat?post=726"},{"taxonomy":"product_tag","embeddable":true,"href":"https:\/\/silk-pajamas.com\/de\/wp-json\/wp\/v2\/product_tag?post=726"}],"curies":[{"name":"wp","href":"https:\/\/api.w.org\/{rel}","templated":true}]}}