{"id":729,"date":"2026-04-12T15:43:23","date_gmt":"2026-04-12T15:43:23","guid":{"rendered":"https:\/\/silk-pajamas.com\/22-momme-soft-shine-silk-hair-wrap-quick-dry-sky-blue\/"},"modified":"2026-05-08T06:26:45","modified_gmt":"2026-05-08T06:26:45","slug":"22-momme-soft-shine-silk-hair-wrap-quick-dry-sky-blue","status":"publish","type":"product","link":"https:\/\/silk-pajamas.com\/de\/22-momme-soft-shine-silk-hair-wrap-quick-dry-sky-blue\/","title":{"rendered":"22 Momme Soft Shine Silk Hair Wrap Quick Dry Himmelblau"},"content":{"rendered":"<p>Dieses Haartuch ist aus 22 momme weich gl\u00e4nzender Seide in einem himmelblauen Farbton gefertigt. Es ist schnell trocknend, f\u00fchlt sich weich an und bietet einen angenehmen Fall f\u00fcr die t\u00e4gliche Haarpflege. Der Stil unterst\u00fctzt die Gr\u00f6\u00dfe One Size und eignet sich gut f\u00fcr die ganze Saison tragen, Geschenk-und t\u00e4glichen Komfort. Kalt von Hand waschen und an der Leine trocknen.<\/p>","protected":false},"excerpt":{"rendered":"<p>22 Momme Soft Shine Seiden-Haarwickelhandtuch in Sky Blue. Schnell trocknend, atmungsaktiv und in Einheitsgr\u00f6\u00dfe erh\u00e4ltlich. Entworfen f\u00fcr die t\u00e4gliche Haarpflege.<\/p>","protected":false},"featured_media":2085,"template":"","meta":{"_gspb_post_css":""},"product_brand":[],"product_cat":[38],"product_tag":[474,475,476],"class_list":{"0":"post-729","1":"product","2":"type-product","3":"status-publish","4":"has-post-thumbnail","6":"product_cat-silk-hair-towel-wrap","7":"product_tag-22-momme-silk-hair-towel-wrap-sky-blue","8":"product_tag-soft-shine-silk-hair-towel-wrap-quick-dry","9":"product_tag-supplier-silk-hair-towel-wrap-for-daily-hair-care","11":"first","12":"instock","13":"shipping-taxable","14":"purchasable","15":"product-type-simple"},"_links":{"self":[{"href":"https:\/\/silk-pajamas.com\/de\/wp-json\/wp\/v2\/product\/729","targetHints":{"allow":["GET"]}}],"collection":[{"href":"https:\/\/silk-pajamas.com\/de\/wp-json\/wp\/v2\/product"}],"about":[{"href":"https:\/\/silk-pajamas.com\/de\/wp-json\/wp\/v2\/types\/product"}],"wp:featuredmedia":[{"embeddable":true,"href":"https:\/\/silk-pajamas.com\/de\/wp-json\/wp\/v2\/media\/2085"}],"wp:attachment":[{"href":"https:\/\/silk-pajamas.com\/de\/wp-json\/wp\/v2\/media?parent=729"}],"wp:term":[{"taxonomy":"product_brand","embeddable":true,"href":"https:\/\/silk-pajamas.com\/de\/wp-json\/wp\/v2\/product_brand?post=729"},{"taxonomy":"product_cat","embeddable":true,"href":"https:\/\/silk-pajamas.com\/de\/wp-json\/wp\/v2\/product_cat?post=729"},{"taxonomy":"product_tag","embeddable":true,"href":"https:\/\/silk-pajamas.com\/de\/wp-json\/wp\/v2\/product_tag?post=729"}],"curies":[{"name":"wp","href":"https:\/\/api.w.org\/{rel}","templated":true}]}}