{"id":730,"date":"2026-04-12T15:43:23","date_gmt":"2026-04-12T15:43:23","guid":{"rendered":"https:\/\/silk-pajamas.com\/22-momme-mulberry-silk-hair-towel-wrap-button-loop-emerald\/"},"modified":"2026-05-08T06:28:57","modified_gmt":"2026-05-08T06:28:57","slug":"22-momme-mulberry-silk-hair-towel-wrap-button-loop-emerald","status":"publish","type":"product","link":"https:\/\/silk-pajamas.com\/de\/22-momme-mulberry-silk-hair-towel-wrap-button-loop-emerald\/","title":{"rendered":"22 Momme Maulbeerseide Haartuch Wrap Knopf Schleife Smaragd"},"content":{"rendered":"<p>Dieses aus 22 momme Maulbeerseide gefertigte Haartuch ist atmungsaktiv, f\u00fchlt sich sanft auf der Haut an und l\u00e4sst sich elegant bewegen. Die Knopfschlaufenkonstruktion und die smaragdgr\u00fcne Farbe sorgen f\u00fcr einen eleganten Look f\u00fcr unterwegs. Erh\u00e4ltlich in Einheitsgr\u00f6\u00dfe. Kalt von Hand waschen und an der Leine trocknen.<\/p>","protected":false},"excerpt":{"rendered":"<p>22 Momme Mulberry Seiden-Haarwickeltuch in Emerald. Button-Loop-Verarbeitung, atmungsaktives Gef\u00fchl und Gr\u00f6\u00dfenbereich One Size. Entworfen f\u00fcr den Einsatz auf Reisen.<\/p>","protected":false},"featured_media":2091,"template":"","meta":{"_gspb_post_css":""},"product_brand":[],"product_cat":[38],"product_tag":[477,478,479],"class_list":{"0":"post-730","1":"product","2":"type-product","3":"status-publish","4":"has-post-thumbnail","6":"product_cat-silk-hair-towel-wrap","7":"product_tag-22-momme-silk-hair-towel-wrap-emerald","8":"product_tag-mulberry-silk-hair-towel-wrap-button-loop","9":"product_tag-wholesale-silk-hair-towel-wrap-for-travel-use","11":"first","12":"instock","13":"shipping-taxable","14":"purchasable","15":"product-type-simple"},"_links":{"self":[{"href":"https:\/\/silk-pajamas.com\/de\/wp-json\/wp\/v2\/product\/730","targetHints":{"allow":["GET"]}}],"collection":[{"href":"https:\/\/silk-pajamas.com\/de\/wp-json\/wp\/v2\/product"}],"about":[{"href":"https:\/\/silk-pajamas.com\/de\/wp-json\/wp\/v2\/types\/product"}],"wp:featuredmedia":[{"embeddable":true,"href":"https:\/\/silk-pajamas.com\/de\/wp-json\/wp\/v2\/media\/2091"}],"wp:attachment":[{"href":"https:\/\/silk-pajamas.com\/de\/wp-json\/wp\/v2\/media?parent=730"}],"wp:term":[{"taxonomy":"product_brand","embeddable":true,"href":"https:\/\/silk-pajamas.com\/de\/wp-json\/wp\/v2\/product_brand?post=730"},{"taxonomy":"product_cat","embeddable":true,"href":"https:\/\/silk-pajamas.com\/de\/wp-json\/wp\/v2\/product_cat?post=730"},{"taxonomy":"product_tag","embeddable":true,"href":"https:\/\/silk-pajamas.com\/de\/wp-json\/wp\/v2\/product_tag?post=730"}],"curies":[{"name":"wp","href":"https:\/\/api.w.org\/{rel}","templated":true}]}}