{"id":731,"date":"2026-04-12T15:43:23","date_gmt":"2026-04-12T15:43:23","guid":{"rendered":"https:\/\/silk-pajamas.com\/19-momme-soft-shine-silk-hair-wrap-twist-front-black-vendor\/"},"modified":"2026-05-08T06:30:50","modified_gmt":"2026-05-08T06:30:50","slug":"19-momme-soft-shine-silk-hair-wrap-twist-front-black-vendor","status":"publish","type":"product","link":"https:\/\/silk-pajamas.com\/de\/19-momme-soft-shine-silk-hair-wrap-twist-front-black-vendor\/","title":{"rendered":"19 Momme Soft Shine Seidenhaarwickel Twist Front Schwarz Anbieter"},"content":{"rendered":"<p>Dieses aus 19 momme weicher, gl\u00e4nzender Seide gefertigte Haartuch bietet einen weichen Faltenwurf, ein sanftes Hautgef\u00fchl und elegante Bewegung. Die Twist-Front-Konstruktion und die schwarze Farbe sorgen f\u00fcr einen eleganten Look bei der Pflege von langem Haar. Erh\u00e4ltlich in Einheitsgr\u00f6\u00dfe. Kalt von Hand waschen und an der Leine trocknen.<\/p>","protected":false},"excerpt":{"rendered":"<p>19 Momme Soft Shine Seiden-Haarwickelhandtuch in Schwarz. Twist-Front-Finish, weicher Faltenwurf und Gr\u00f6\u00dfenbereich One Size. Entworfen f\u00fcr die Pflege von langem Haar.<\/p>","protected":false},"featured_media":2102,"template":"","meta":{"_gspb_post_css":""},"product_brand":[],"product_cat":[38],"product_tag":[480,446,473],"class_list":{"0":"post-731","1":"product","2":"type-product","3":"status-publish","4":"has-post-thumbnail","6":"product_cat-silk-hair-towel-wrap","7":"product_tag-19-momme-silk-hair-towel-wrap-black","8":"product_tag-soft-shine-silk-hair-towel-wrap-twist-front","9":"product_tag-supplier-silk-hair-towel-wrap-for-long-hair-care","11":"first","12":"instock","13":"featured","14":"shipping-taxable","15":"purchasable","16":"product-type-simple"},"_links":{"self":[{"href":"https:\/\/silk-pajamas.com\/de\/wp-json\/wp\/v2\/product\/731","targetHints":{"allow":["GET"]}}],"collection":[{"href":"https:\/\/silk-pajamas.com\/de\/wp-json\/wp\/v2\/product"}],"about":[{"href":"https:\/\/silk-pajamas.com\/de\/wp-json\/wp\/v2\/types\/product"}],"wp:featuredmedia":[{"embeddable":true,"href":"https:\/\/silk-pajamas.com\/de\/wp-json\/wp\/v2\/media\/2102"}],"wp:attachment":[{"href":"https:\/\/silk-pajamas.com\/de\/wp-json\/wp\/v2\/media?parent=731"}],"wp:term":[{"taxonomy":"product_brand","embeddable":true,"href":"https:\/\/silk-pajamas.com\/de\/wp-json\/wp\/v2\/product_brand?post=731"},{"taxonomy":"product_cat","embeddable":true,"href":"https:\/\/silk-pajamas.com\/de\/wp-json\/wp\/v2\/product_cat?post=731"},{"taxonomy":"product_tag","embeddable":true,"href":"https:\/\/silk-pajamas.com\/de\/wp-json\/wp\/v2\/product_tag?post=731"}],"curies":[{"name":"wp","href":"https:\/\/api.w.org\/{rel}","templated":true}]}}