{"id":733,"date":"2026-04-12T15:43:23","date_gmt":"2026-04-12T15:43:23","guid":{"rendered":"https:\/\/silk-pajamas.com\/22-momme-double-layer-silk-hair-wrap-double-layer-silver\/"},"modified":"2026-05-08T06:35:08","modified_gmt":"2026-05-08T06:35:08","slug":"22-momme-double-layer-silk-hair-wrap-double-layer-silver","status":"publish","type":"product","link":"https:\/\/silk-pajamas.com\/de\/22-momme-double-layer-silk-hair-wrap-double-layer-silver\/","title":{"rendered":"22 Momme Double Layer Silk Hair Wrap Double Layer Silber"},"content":{"rendered":"<p>Das aus 22 momme doppellagiger Seide gefertigte Haartuch bietet ein atmungsaktives, sanftes Hautgef\u00fchl und elegante Bewegung. Die doppellagige Konstruktion und die silberne Farbe sorgen f\u00fcr einen eleganten Look bei der Pflege von langem Haar. Erh\u00e4ltlich in Einheitsgr\u00f6\u00dfe. Kalt von Hand waschen und an der Leine trocknen.<\/p>","protected":false},"excerpt":{"rendered":"<p>22 Momme Double Layer Seiden-Haarwickelhandtuch in Silber. Doppellagiges Finish, atmungsaktives Gef\u00fchl und Gr\u00f6\u00dfenbereich One Size. Entworfen f\u00fcr die Pflege von langem Haar.<\/p>","protected":false},"featured_media":2120,"template":"","meta":{"_gspb_post_css":""},"product_brand":[],"product_cat":[38],"product_tag":[481,455,473],"class_list":{"0":"post-733","1":"product","2":"type-product","3":"status-publish","4":"has-post-thumbnail","6":"product_cat-silk-hair-towel-wrap","7":"product_tag-22-momme-silk-hair-towel-wrap-silver","8":"product_tag-double-layer-silk-hair-towel-wrap-double-layer","9":"product_tag-supplier-silk-hair-towel-wrap-for-long-hair-care","11":"first","12":"instock","13":"shipping-taxable","14":"purchasable","15":"product-type-simple"},"_links":{"self":[{"href":"https:\/\/silk-pajamas.com\/de\/wp-json\/wp\/v2\/product\/733","targetHints":{"allow":["GET"]}}],"collection":[{"href":"https:\/\/silk-pajamas.com\/de\/wp-json\/wp\/v2\/product"}],"about":[{"href":"https:\/\/silk-pajamas.com\/de\/wp-json\/wp\/v2\/types\/product"}],"wp:featuredmedia":[{"embeddable":true,"href":"https:\/\/silk-pajamas.com\/de\/wp-json\/wp\/v2\/media\/2120"}],"wp:attachment":[{"href":"https:\/\/silk-pajamas.com\/de\/wp-json\/wp\/v2\/media?parent=733"}],"wp:term":[{"taxonomy":"product_brand","embeddable":true,"href":"https:\/\/silk-pajamas.com\/de\/wp-json\/wp\/v2\/product_brand?post=733"},{"taxonomy":"product_cat","embeddable":true,"href":"https:\/\/silk-pajamas.com\/de\/wp-json\/wp\/v2\/product_cat?post=733"},{"taxonomy":"product_tag","embeddable":true,"href":"https:\/\/silk-pajamas.com\/de\/wp-json\/wp\/v2\/product_tag?post=733"}],"curies":[{"name":"wp","href":"https:\/\/api.w.org\/{rel}","templated":true}]}}