{"id":735,"date":"2026-04-12T15:43:23","date_gmt":"2026-04-12T15:43:23","guid":{"rendered":"https:\/\/silk-pajamas.com\/19-momme-soft-shine-silk-hair-wrap-long-hair-navy-wholesale\/"},"modified":"2026-05-08T06:39:44","modified_gmt":"2026-05-08T06:39:44","slug":"19-momme-soft-shine-silk-hair-wrap-long-hair-navy-wholesale","status":"publish","type":"product","link":"https:\/\/silk-pajamas.com\/de\/19-momme-soft-shine-silk-hair-wrap-long-hair-navy-wholesale\/","title":{"rendered":"19 Momme Soft Shine Silk Hair Wrap Langes Haar Navy Gro\u00dfhandel"},"content":{"rendered":"<p>Dieses aus 19 momme weicher, gl\u00e4nzender Seide gefertigte Haartuch kombiniert Details f\u00fcr langes Haar mit einem weichen Glanz und einem atmungsaktiven Gef\u00fchl. Das marineblaue Finish verleiht ihm einen raffinierten Look, w\u00e4hrend die Gr\u00f6\u00dfe One Size hilft, den Kernbedarf zu decken. Geeignet f\u00fcr die Pflege von langem Haar und f\u00fcr die Sommergarderobe. Kalt von Hand waschen und an der Leine trocknen.<\/p>","protected":false},"excerpt":{"rendered":"<p>19 Momme Soft Shine Seiden-Haarwickelhandtuch in Navy. Langes Haar, knitterfreies Gef\u00fchl und Gr\u00f6\u00dfenauswahl One Size. Entworfen f\u00fcr die Pflege von langem Haar.<\/p>","protected":false},"featured_media":2134,"template":"","meta":{"_gspb_post_css":""},"product_brand":[],"product_cat":[38],"product_tag":[482,483,473],"class_list":{"0":"post-735","1":"product","2":"type-product","3":"status-publish","4":"has-post-thumbnail","6":"product_cat-silk-hair-towel-wrap","7":"product_tag-19-momme-silk-hair-towel-wrap-navy","8":"product_tag-soft-shine-silk-hair-towel-wrap-long-hair","9":"product_tag-supplier-silk-hair-towel-wrap-for-long-hair-care","11":"first","12":"instock","13":"shipping-taxable","14":"purchasable","15":"product-type-simple"},"_links":{"self":[{"href":"https:\/\/silk-pajamas.com\/de\/wp-json\/wp\/v2\/product\/735","targetHints":{"allow":["GET"]}}],"collection":[{"href":"https:\/\/silk-pajamas.com\/de\/wp-json\/wp\/v2\/product"}],"about":[{"href":"https:\/\/silk-pajamas.com\/de\/wp-json\/wp\/v2\/types\/product"}],"wp:featuredmedia":[{"embeddable":true,"href":"https:\/\/silk-pajamas.com\/de\/wp-json\/wp\/v2\/media\/2134"}],"wp:attachment":[{"href":"https:\/\/silk-pajamas.com\/de\/wp-json\/wp\/v2\/media?parent=735"}],"wp:term":[{"taxonomy":"product_brand","embeddable":true,"href":"https:\/\/silk-pajamas.com\/de\/wp-json\/wp\/v2\/product_brand?post=735"},{"taxonomy":"product_cat","embeddable":true,"href":"https:\/\/silk-pajamas.com\/de\/wp-json\/wp\/v2\/product_cat?post=735"},{"taxonomy":"product_tag","embeddable":true,"href":"https:\/\/silk-pajamas.com\/de\/wp-json\/wp\/v2\/product_tag?post=735"}],"curies":[{"name":"wp","href":"https:\/\/api.w.org\/{rel}","templated":true}]}}