{"id":736,"date":"2026-04-12T15:43:23","date_gmt":"2026-04-12T15:43:23","guid":{"rendered":"https:\/\/silk-pajamas.com\/22-momme-mulberry-silk-hair-wrap-double-layer-coffee\/"},"modified":"2026-05-08T06:42:34","modified_gmt":"2026-05-08T06:42:34","slug":"22-momme-mulberry-silk-hair-wrap-double-layer-coffee","status":"publish","type":"product","link":"https:\/\/silk-pajamas.com\/de\/22-momme-mulberry-silk-hair-wrap-double-layer-coffee\/","title":{"rendered":"22 Momme Maulbeerseiden-Haarwickel Double Layer Kaffee"},"content":{"rendered":"<p>Dieses aus 22 momme Maulbeerseide gefertigte Haartuch kombiniert doppellagige Details mit einem weichen Glanz und einem atmungsaktiven Gef\u00fchl. Das Kaffee-Finish verleiht ihm einen raffinierten Look, w\u00e4hrend die Gr\u00f6\u00dfe One Size den Kernbedarf abdeckt. Geeignet f\u00fcr die t\u00e4gliche Haarpflege und die Herbstgarderobe. Kalt von Hand waschen und an der Leine trocknen.<\/p>","protected":false},"excerpt":{"rendered":"<p>22 Momme Mulberry Seiden-Haarwickeltuch in Coffee. Doppellagiges Finish, atmungsaktiv und in Einheitsgr\u00f6\u00dfe. Entworfen f\u00fcr die t\u00e4gliche Haarpflege.<\/p>","protected":false},"featured_media":2136,"template":"","meta":{"_gspb_post_css":""},"product_brand":[],"product_cat":[38],"product_tag":[484,444,485],"class_list":{"0":"post-736","1":"product","2":"type-product","3":"status-publish","4":"has-post-thumbnail","6":"product_cat-silk-hair-towel-wrap","7":"product_tag-22-momme-silk-hair-towel-wrap-coffee","8":"product_tag-manufacturer-silk-hair-towel-wrap-for-daily-hair-care","9":"product_tag-mulberry-silk-hair-towel-wrap-double-layer","11":"first","12":"instock","13":"featured","14":"shipping-taxable","15":"purchasable","16":"product-type-simple"},"_links":{"self":[{"href":"https:\/\/silk-pajamas.com\/de\/wp-json\/wp\/v2\/product\/736","targetHints":{"allow":["GET"]}}],"collection":[{"href":"https:\/\/silk-pajamas.com\/de\/wp-json\/wp\/v2\/product"}],"about":[{"href":"https:\/\/silk-pajamas.com\/de\/wp-json\/wp\/v2\/types\/product"}],"wp:featuredmedia":[{"embeddable":true,"href":"https:\/\/silk-pajamas.com\/de\/wp-json\/wp\/v2\/media\/2136"}],"wp:attachment":[{"href":"https:\/\/silk-pajamas.com\/de\/wp-json\/wp\/v2\/media?parent=736"}],"wp:term":[{"taxonomy":"product_brand","embeddable":true,"href":"https:\/\/silk-pajamas.com\/de\/wp-json\/wp\/v2\/product_brand?post=736"},{"taxonomy":"product_cat","embeddable":true,"href":"https:\/\/silk-pajamas.com\/de\/wp-json\/wp\/v2\/product_cat?post=736"},{"taxonomy":"product_tag","embeddable":true,"href":"https:\/\/silk-pajamas.com\/de\/wp-json\/wp\/v2\/product_tag?post=736"}],"curies":[{"name":"wp","href":"https:\/\/api.w.org\/{rel}","templated":true}]}}