{"id":738,"date":"2026-04-12T15:43:24","date_gmt":"2026-04-12T15:43:24","guid":{"rendered":"https:\/\/silk-pajamas.com\/19-momme-soft-shine-silk-hair-wrap-quick-dry-leopard\/"},"modified":"2026-05-08T03:47:42","modified_gmt":"2026-05-08T03:47:42","slug":"19-momme-soft-shine-silk-hair-wrap-quick-dry-leopard","status":"publish","type":"product","link":"https:\/\/silk-pajamas.com\/de\/19-momme-soft-shine-silk-hair-wrap-quick-dry-leopard\/","title":{"rendered":"19 Momme Soft Shine Silk Hair Wrap Quick Dry Leopard"},"content":{"rendered":"<p>Dieses Haartuch aus 19 momme weich gl\u00e4nzender Seide kombiniert schnelles Trocknen mit weichem Glanz und atmungsaktivem Gef\u00fchl. Das Leoparden-Finish verleiht ihm einen raffinierten Look, w\u00e4hrend die Gr\u00f6\u00dfe One Size hilft, den Kernbedarf zu decken. Geeignet f\u00fcr die Pflege von lockigem Haar und f\u00fcr die Garderobe der ganzen Saison. Kalt von Hand waschen und an der Leine trocknen.<\/p>","protected":false},"excerpt":{"rendered":"<p>19 Momme Soft Shine Seiden-Haarwickelhandtuch in Leopard. Schnell trocknend, knitterfrei und in Einheitsgr\u00f6\u00dfe erh\u00e4ltlich. Entworfen f\u00fcr die Pflege von lockigem Haar.<\/p>","protected":false},"featured_media":2046,"template":"","meta":{"_gspb_post_css":""},"product_brand":[],"product_cat":[38],"product_tag":[469,475,461],"class_list":{"0":"post-738","1":"product","2":"type-product","3":"status-publish","4":"has-post-thumbnail","6":"product_cat-silk-hair-towel-wrap","7":"product_tag-19-momme-silk-hair-towel-wrap-leopard","8":"product_tag-soft-shine-silk-hair-towel-wrap-quick-dry","9":"product_tag-supplier-silk-hair-towel-wrap-for-curly-hair-care","11":"first","12":"instock","13":"shipping-taxable","14":"purchasable","15":"product-type-simple"},"_links":{"self":[{"href":"https:\/\/silk-pajamas.com\/de\/wp-json\/wp\/v2\/product\/738","targetHints":{"allow":["GET"]}}],"collection":[{"href":"https:\/\/silk-pajamas.com\/de\/wp-json\/wp\/v2\/product"}],"about":[{"href":"https:\/\/silk-pajamas.com\/de\/wp-json\/wp\/v2\/types\/product"}],"wp:featuredmedia":[{"embeddable":true,"href":"https:\/\/silk-pajamas.com\/de\/wp-json\/wp\/v2\/media\/2046"}],"wp:attachment":[{"href":"https:\/\/silk-pajamas.com\/de\/wp-json\/wp\/v2\/media?parent=738"}],"wp:term":[{"taxonomy":"product_brand","embeddable":true,"href":"https:\/\/silk-pajamas.com\/de\/wp-json\/wp\/v2\/product_brand?post=738"},{"taxonomy":"product_cat","embeddable":true,"href":"https:\/\/silk-pajamas.com\/de\/wp-json\/wp\/v2\/product_cat?post=738"},{"taxonomy":"product_tag","embeddable":true,"href":"https:\/\/silk-pajamas.com\/de\/wp-json\/wp\/v2\/product_tag?post=738"}],"curies":[{"name":"wp","href":"https:\/\/api.w.org\/{rel}","templated":true}]}}