{"id":742,"date":"2026-04-12T15:43:24","date_gmt":"2026-04-12T15:43:24","guid":{"rendered":"https:\/\/silk-pajamas.com\/22-momme-double-layer-silk-scarf-oblong-navy-supplier\/"},"modified":"2026-05-08T03:58:51","modified_gmt":"2026-05-08T03:58:51","slug":"22-momme-double-layer-silk-scarf-oblong-navy-supplier","status":"publish","type":"product","link":"https:\/\/silk-pajamas.com\/de\/22-momme-double-layer-silk-scarf-oblong-navy-supplier\/","title":{"rendered":"22 Momme Double Layer Seidenschal Oblong Navy Lieferant"},"content":{"rendered":"<p>Dieser Seidenschal aus doppellagiger 22-Momme-Seide kombiniert ein l\u00e4ngliches Detail mit einem weichen Glanz und einem atmungsaktiven Gef\u00fchl. Das marineblaue Finish verleiht ihm einen raffinierten Look, w\u00e4hrend die Gr\u00f6\u00dfe 53x53cm den Kernbedarf abdeckt. Geeignet f\u00fcr die Damen- und Fr\u00fchlingsgarderobe. Kalt von Hand waschen oder im Schonwaschgang.<\/p>","protected":false},"excerpt":{"rendered":"<p>22 Momme Double Layer Seidenschal in Navy. L\u00e4ngliches Finish, atmungsaktives Gef\u00fchl und Gr\u00f6\u00dfenbereich 53x53cm. Entworfen f\u00fcr Frauen.<\/p>","protected":false},"featured_media":2057,"template":"","meta":{"_gspb_post_css":""},"product_brand":[],"product_cat":[34],"product_tag":[491,492,493],"class_list":{"0":"post-742","1":"product","2":"type-product","3":"status-publish","4":"has-post-thumbnail","6":"product_cat-silk-scarves","7":"product_tag-22-momme-silk-scarf-navy","8":"product_tag-double-layer-silk-scarf-oblong","9":"product_tag-vendor-silk-scarf-for-women","11":"first","12":"instock","13":"shipping-taxable","14":"purchasable","15":"product-type-simple"},"_links":{"self":[{"href":"https:\/\/silk-pajamas.com\/de\/wp-json\/wp\/v2\/product\/742","targetHints":{"allow":["GET"]}}],"collection":[{"href":"https:\/\/silk-pajamas.com\/de\/wp-json\/wp\/v2\/product"}],"about":[{"href":"https:\/\/silk-pajamas.com\/de\/wp-json\/wp\/v2\/types\/product"}],"wp:featuredmedia":[{"embeddable":true,"href":"https:\/\/silk-pajamas.com\/de\/wp-json\/wp\/v2\/media\/2057"}],"wp:attachment":[{"href":"https:\/\/silk-pajamas.com\/de\/wp-json\/wp\/v2\/media?parent=742"}],"wp:term":[{"taxonomy":"product_brand","embeddable":true,"href":"https:\/\/silk-pajamas.com\/de\/wp-json\/wp\/v2\/product_brand?post=742"},{"taxonomy":"product_cat","embeddable":true,"href":"https:\/\/silk-pajamas.com\/de\/wp-json\/wp\/v2\/product_cat?post=742"},{"taxonomy":"product_tag","embeddable":true,"href":"https:\/\/silk-pajamas.com\/de\/wp-json\/wp\/v2\/product_tag?post=742"}],"curies":[{"name":"wp","href":"https:\/\/api.w.org\/{rel}","templated":true}]}}