{"id":743,"date":"2026-04-12T15:43:24","date_gmt":"2026-04-12T15:43:24","guid":{"rendered":"https:\/\/silk-pajamas.com\/19-momme-double-layer-mulberry-silk-scarf-oblong-ivory\/"},"modified":"2026-05-08T04:02:09","modified_gmt":"2026-05-08T04:02:09","slug":"19-momme-double-layer-mulberry-silk-scarf-oblong-ivory","status":"publish","type":"product","link":"https:\/\/silk-pajamas.com\/de\/19-momme-double-layer-mulberry-silk-scarf-oblong-ivory\/","title":{"rendered":"19 Momme Double Layer Mulberry Seidenschal Oblong Elfenbein"},"content":{"rendered":"<p>Dieser Seidenschal aus doppellagiger 19-Momme-Seide kombiniert ein l\u00e4ngliches Detail mit einem weichen Glanz und einem atmungsaktiven Gef\u00fchl. Das elfenbeinfarbene Finish verleiht ihm einen raffinierten Look, w\u00e4hrend die Gr\u00f6\u00dfe 90x90cm den Kernbedarf abdeckt. Geeignet f\u00fcr Geschenksortimente und Herbstgarderobe. Kalt von Hand waschen oder im Schonwaschgang.<\/p>","protected":false},"excerpt":{"rendered":"<p>19 Momme Double Layer Seidenschal in Elfenbein. L\u00e4ngliches Finish, weicher Griff und eine Gr\u00f6\u00dfe von 90x90cm. Entworfen f\u00fcr Geschenksortimente.<\/p>","protected":false},"featured_media":2058,"template":"","meta":{"_gspb_post_css":""},"product_brand":[],"product_cat":[34],"product_tag":[494,492,495],"class_list":{"0":"post-743","1":"product","2":"type-product","3":"status-publish","4":"has-post-thumbnail","6":"product_cat-silk-scarves","7":"product_tag-19-momme-silk-scarf-ivory","8":"product_tag-double-layer-silk-scarf-oblong","9":"product_tag-supplier-silk-scarf-for-gift-assortments","11":"first","12":"instock","13":"shipping-taxable","14":"purchasable","15":"product-type-simple"},"_links":{"self":[{"href":"https:\/\/silk-pajamas.com\/de\/wp-json\/wp\/v2\/product\/743","targetHints":{"allow":["GET"]}}],"collection":[{"href":"https:\/\/silk-pajamas.com\/de\/wp-json\/wp\/v2\/product"}],"about":[{"href":"https:\/\/silk-pajamas.com\/de\/wp-json\/wp\/v2\/types\/product"}],"wp:featuredmedia":[{"embeddable":true,"href":"https:\/\/silk-pajamas.com\/de\/wp-json\/wp\/v2\/media\/2058"}],"wp:attachment":[{"href":"https:\/\/silk-pajamas.com\/de\/wp-json\/wp\/v2\/media?parent=743"}],"wp:term":[{"taxonomy":"product_brand","embeddable":true,"href":"https:\/\/silk-pajamas.com\/de\/wp-json\/wp\/v2\/product_brand?post=743"},{"taxonomy":"product_cat","embeddable":true,"href":"https:\/\/silk-pajamas.com\/de\/wp-json\/wp\/v2\/product_cat?post=743"},{"taxonomy":"product_tag","embeddable":true,"href":"https:\/\/silk-pajamas.com\/de\/wp-json\/wp\/v2\/product_tag?post=743"}],"curies":[{"name":"wp","href":"https:\/\/api.w.org\/{rel}","templated":true}]}}