{"id":745,"date":"2026-04-12T15:43:25","date_gmt":"2026-04-12T15:43:25","guid":{"rendered":"https:\/\/silk-pajamas.com\/25-momme-double-layer-mulberry-silk-scarf-double-sided-sage\/"},"modified":"2026-05-08T03:00:49","modified_gmt":"2026-05-08T03:00:49","slug":"25-momme-double-layer-mulberry-silk-scarf-double-sided-sage","status":"publish","type":"product","link":"https:\/\/silk-pajamas.com\/de\/25-momme-double-layer-mulberry-silk-scarf-double-sided-sage\/","title":{"rendered":"25 Momme Double Layer Mulberry Seidenschal Double Sided Sage"},"content":{"rendered":"<p>Dieser Seidenschal aus doppellagiger 25-Momme-Seide bietet einen glatten Faltenwurf, ein sanftes Hautgef\u00fchl und elegante Bewegung. Die doppelseitige Konstruktion und die Salbeifarbe sorgen f\u00fcr einen eleganten Look f\u00fcr unterwegs. Erh\u00e4ltlich in 90x90cm. Kalt von Hand waschen oder im Schonwaschgang.<\/p>","protected":false},"excerpt":{"rendered":"<p>25 Momme Double Layer Seidenschal in Salbei. Doppelseitige Verarbeitung, weicher Faltenwurf und eine Gr\u00f6\u00dfe von 90x90cm. Entworfen f\u00fcr den Einsatz auf Reisen.<\/p>","protected":false},"featured_media":1977,"template":"","meta":{"_gspb_post_css":""},"product_brand":[],"product_cat":[34],"product_tag":[499,500,498],"class_list":{"0":"post-745","1":"product","2":"type-product","3":"status-publish","4":"has-post-thumbnail","6":"product_cat-silk-scarves","7":"product_tag-25-momme-silk-scarf-sage","8":"product_tag-double-layer-silk-scarf-double-sided","9":"product_tag-factory-silk-scarf-for-travel-use","11":"first","12":"instock","13":"shipping-taxable","14":"purchasable","15":"product-type-simple"},"_links":{"self":[{"href":"https:\/\/silk-pajamas.com\/de\/wp-json\/wp\/v2\/product\/745","targetHints":{"allow":["GET"]}}],"collection":[{"href":"https:\/\/silk-pajamas.com\/de\/wp-json\/wp\/v2\/product"}],"about":[{"href":"https:\/\/silk-pajamas.com\/de\/wp-json\/wp\/v2\/types\/product"}],"wp:featuredmedia":[{"embeddable":true,"href":"https:\/\/silk-pajamas.com\/de\/wp-json\/wp\/v2\/media\/1977"}],"wp:attachment":[{"href":"https:\/\/silk-pajamas.com\/de\/wp-json\/wp\/v2\/media?parent=745"}],"wp:term":[{"taxonomy":"product_brand","embeddable":true,"href":"https:\/\/silk-pajamas.com\/de\/wp-json\/wp\/v2\/product_brand?post=745"},{"taxonomy":"product_cat","embeddable":true,"href":"https:\/\/silk-pajamas.com\/de\/wp-json\/wp\/v2\/product_cat?post=745"},{"taxonomy":"product_tag","embeddable":true,"href":"https:\/\/silk-pajamas.com\/de\/wp-json\/wp\/v2\/product_tag?post=745"}],"curies":[{"name":"wp","href":"https:\/\/api.w.org\/{rel}","templated":true}]}}