{"id":747,"date":"2026-04-12T15:43:25","date_gmt":"2026-04-12T15:43:25","guid":{"rendered":"https:\/\/silk-pajamas.com\/19-momme-mulberry-silk-scarf-hand-rolled-champagne\/"},"modified":"2026-05-08T03:07:23","modified_gmt":"2026-05-08T03:07:23","slug":"19-momme-mulberry-silk-scarf-hand-rolled-champagne","status":"publish","type":"product","link":"https:\/\/silk-pajamas.com\/de\/19-momme-mulberry-silk-scarf-hand-rolled-champagne\/","title":{"rendered":"19 Momme Maulbeerseidenschal Hand gerollt Champagner"},"content":{"rendered":"<p>Dieser Seidenschal aus 19 momme Maulbeerseide ist leicht, f\u00fchlt sich angenehm auf der Haut an und l\u00e4sst sich elegant bewegen. Die handgerollte Konstruktion und die champagnerfarbene Farbe sorgen f\u00fcr einen edlen Look bei der Zusammenstellung von Geschenken. Erh\u00e4ltlich in 180x65cm. Kalt von Hand waschen oder im Schonwaschgang.<\/p>","protected":false},"excerpt":{"rendered":"<p>19 Momme Mulberry Seide Seidenschal in Champagner. Handgerollt, leicht und 180x65cm gro\u00df. Entworfen f\u00fcr Geschenksortimente.<\/p>","protected":false},"featured_media":1991,"template":"","meta":{"_gspb_post_css":""},"product_brand":[],"product_cat":[34],"product_tag":[503,504,505],"class_list":{"0":"post-747","1":"product","2":"type-product","3":"status-publish","4":"has-post-thumbnail","6":"product_cat-silk-scarves","7":"product_tag-19-momme-silk-scarf-champagne","8":"product_tag-mulberry-silk-scarf-hand-rolled","9":"product_tag-wholesale-silk-scarf-for-gift-assortments","11":"first","12":"instock","13":"shipping-taxable","14":"purchasable","15":"product-type-simple"},"_links":{"self":[{"href":"https:\/\/silk-pajamas.com\/de\/wp-json\/wp\/v2\/product\/747","targetHints":{"allow":["GET"]}}],"collection":[{"href":"https:\/\/silk-pajamas.com\/de\/wp-json\/wp\/v2\/product"}],"about":[{"href":"https:\/\/silk-pajamas.com\/de\/wp-json\/wp\/v2\/types\/product"}],"wp:featuredmedia":[{"embeddable":true,"href":"https:\/\/silk-pajamas.com\/de\/wp-json\/wp\/v2\/media\/1991"}],"wp:attachment":[{"href":"https:\/\/silk-pajamas.com\/de\/wp-json\/wp\/v2\/media?parent=747"}],"wp:term":[{"taxonomy":"product_brand","embeddable":true,"href":"https:\/\/silk-pajamas.com\/de\/wp-json\/wp\/v2\/product_brand?post=747"},{"taxonomy":"product_cat","embeddable":true,"href":"https:\/\/silk-pajamas.com\/de\/wp-json\/wp\/v2\/product_cat?post=747"},{"taxonomy":"product_tag","embeddable":true,"href":"https:\/\/silk-pajamas.com\/de\/wp-json\/wp\/v2\/product_tag?post=747"}],"curies":[{"name":"wp","href":"https:\/\/api.w.org\/{rel}","templated":true}]}}