{"id":748,"date":"2026-04-12T15:43:25","date_gmt":"2026-04-12T15:43:25","guid":{"rendered":"https:\/\/silk-pajamas.com\/22-momme-soft-shine-mulberry-silk-scarf-twilly-sage\/"},"modified":"2026-05-08T03:10:42","modified_gmt":"2026-05-08T03:10:42","slug":"22-momme-soft-shine-mulberry-silk-scarf-twilly-sage","status":"publish","type":"product","link":"https:\/\/silk-pajamas.com\/de\/22-momme-soft-shine-mulberry-silk-scarf-twilly-sage\/","title":{"rendered":"22 Momme Soft Shine Maulbeerseidenschal Twilly Sage"},"content":{"rendered":"<p>Dieser Seidenschal aus 22 momme weicher, gl\u00e4nzender Seide bietet ein leichtes, sanftes Hautgef\u00fchl und elegante Bewegung. Die Twilly-Konstruktion und die Farbe Salbei sorgen f\u00fcr einen eleganten Look f\u00fcr M\u00e4nner. Erh\u00e4ltlich in 180x65cm. Handw\u00e4sche kalt oder im Schonwaschgang.<\/p>","protected":false},"excerpt":{"rendered":"<p>22 Momme Soft Shine Seidenschal in Salbei. Twilly-Finish, leichtes Tragegef\u00fchl und Gr\u00f6\u00dfenbereich 180x65cm. Entworfen f\u00fcr M\u00e4nner.<\/p>","protected":false},"featured_media":1992,"template":"","meta":{"_gspb_post_css":""},"product_brand":[],"product_cat":[34],"product_tag":[506,508,507],"class_list":{"0":"post-748","1":"product","2":"type-product","3":"status-publish","4":"has-post-thumbnail","6":"product_cat-silk-scarves","7":"product_tag-22-momme-silk-scarf-sage","8":"product_tag-factory-silk-scarf-for-men","9":"product_tag-soft-shine-silk-scarf-twilly","11":"first","12":"instock","13":"shipping-taxable","14":"purchasable","15":"product-type-simple"},"_links":{"self":[{"href":"https:\/\/silk-pajamas.com\/de\/wp-json\/wp\/v2\/product\/748","targetHints":{"allow":["GET"]}}],"collection":[{"href":"https:\/\/silk-pajamas.com\/de\/wp-json\/wp\/v2\/product"}],"about":[{"href":"https:\/\/silk-pajamas.com\/de\/wp-json\/wp\/v2\/types\/product"}],"wp:featuredmedia":[{"embeddable":true,"href":"https:\/\/silk-pajamas.com\/de\/wp-json\/wp\/v2\/media\/1992"}],"wp:attachment":[{"href":"https:\/\/silk-pajamas.com\/de\/wp-json\/wp\/v2\/media?parent=748"}],"wp:term":[{"taxonomy":"product_brand","embeddable":true,"href":"https:\/\/silk-pajamas.com\/de\/wp-json\/wp\/v2\/product_brand?post=748"},{"taxonomy":"product_cat","embeddable":true,"href":"https:\/\/silk-pajamas.com\/de\/wp-json\/wp\/v2\/product_cat?post=748"},{"taxonomy":"product_tag","embeddable":true,"href":"https:\/\/silk-pajamas.com\/de\/wp-json\/wp\/v2\/product_tag?post=748"}],"curies":[{"name":"wp","href":"https:\/\/api.w.org\/{rel}","templated":true}]}}