{"id":749,"date":"2026-04-12T15:43:25","date_gmt":"2026-04-12T15:43:25","guid":{"rendered":"https:\/\/silk-pajamas.com\/22-momme-charmeuse-silk-scarf-square-wine-manufacturer\/"},"modified":"2026-05-08T03:13:20","modified_gmt":"2026-05-08T03:13:20","slug":"22-momme-charmeuse-silk-scarf-square-wine-manufacturer","status":"publish","type":"product","link":"https:\/\/silk-pajamas.com\/de\/22-momme-charmeuse-silk-scarf-square-wine-manufacturer\/","title":{"rendered":"22 Momme Charmeuse Seidenschal Quadratisch Wein Hersteller"},"content":{"rendered":"<p>Dieser Seidenschal ist aus 22 Momme-Charmeuse-Seide in einem Weinton gefertigt. Er ist quadratisch, liegt gut in der Hand und bietet einen angenehmen Tragekomfort f\u00fcr M\u00e4nner. Der Stil unterst\u00fctzt die Gr\u00f6\u00dfen 53x53cm und eignet sich gut f\u00fcr Sommerkleidung, Geschenke und t\u00e4glichen Komfort. Handw\u00e4sche kalt oder im Schonwaschgang.<\/p>","protected":false},"excerpt":{"rendered":"<p>22 Momme Charmeuse Seidenschal in Wine. Quadratisches Finish, thermoregulierendes Gef\u00fchl und Gr\u00f6\u00dfenbereich 53x53cm. Entworfen f\u00fcr M\u00e4nner.<\/p>","protected":false},"featured_media":1998,"template":"","meta":{"_gspb_post_css":""},"product_brand":[],"product_cat":[34],"product_tag":[509,510,508],"class_list":{"0":"post-749","1":"product","2":"type-product","3":"status-publish","4":"has-post-thumbnail","6":"product_cat-silk-scarves","7":"product_tag-22-momme-silk-scarf-wine","8":"product_tag-charmeuse-silk-scarf-square","9":"product_tag-factory-silk-scarf-for-men","11":"first","12":"instock","13":"shipping-taxable","14":"purchasable","15":"product-type-simple"},"_links":{"self":[{"href":"https:\/\/silk-pajamas.com\/de\/wp-json\/wp\/v2\/product\/749","targetHints":{"allow":["GET"]}}],"collection":[{"href":"https:\/\/silk-pajamas.com\/de\/wp-json\/wp\/v2\/product"}],"about":[{"href":"https:\/\/silk-pajamas.com\/de\/wp-json\/wp\/v2\/types\/product"}],"wp:featuredmedia":[{"embeddable":true,"href":"https:\/\/silk-pajamas.com\/de\/wp-json\/wp\/v2\/media\/1998"}],"wp:attachment":[{"href":"https:\/\/silk-pajamas.com\/de\/wp-json\/wp\/v2\/media?parent=749"}],"wp:term":[{"taxonomy":"product_brand","embeddable":true,"href":"https:\/\/silk-pajamas.com\/de\/wp-json\/wp\/v2\/product_brand?post=749"},{"taxonomy":"product_cat","embeddable":true,"href":"https:\/\/silk-pajamas.com\/de\/wp-json\/wp\/v2\/product_cat?post=749"},{"taxonomy":"product_tag","embeddable":true,"href":"https:\/\/silk-pajamas.com\/de\/wp-json\/wp\/v2\/product_tag?post=749"}],"curies":[{"name":"wp","href":"https:\/\/api.w.org\/{rel}","templated":true}]}}