{"id":750,"date":"2026-04-12T15:43:25","date_gmt":"2026-04-12T15:43:25","guid":{"rendered":"https:\/\/silk-pajamas.com\/25-momme-soft-shine-mulberry-silk-scarf-hand-rolled-blush\/"},"modified":"2026-05-08T03:16:27","modified_gmt":"2026-05-08T03:16:27","slug":"25-momme-soft-shine-mulberry-silk-scarf-hand-rolled-blush","status":"publish","type":"product","link":"https:\/\/silk-pajamas.com\/de\/25-momme-soft-shine-mulberry-silk-scarf-hand-rolled-blush\/","title":{"rendered":"25 Momme Soft Shine Mulberry Seidenschal Hand gerollt Blush"},"content":{"rendered":"<p>Dieser Seidenschal aus 25 momme weich gl\u00e4nzender Seide kombiniert handgerollte Details mit einem weichen Glanz und einem atmungsaktiven Gef\u00fchl. Das err\u00f6tende Finish verleiht ihm einen raffinierten Look, w\u00e4hrend die Gr\u00f6\u00dfe 65x65cm den Kernbedarf abdeckt. Geeignet f\u00fcr Geschenksortimente und Sommergarderoben. Kalt von Hand waschen oder im Schonwaschgang.<\/p>","protected":false},"excerpt":{"rendered":"<p>25 Momme Soft Shine Seide Seidenschal in Blush. Handgerollt, atmungsaktiv und in der Gr\u00f6\u00dfe 65x65cm. Entworfen f\u00fcr Geschenksortimente.<\/p>","protected":false},"featured_media":2003,"template":"","meta":{"_gspb_post_css":""},"product_brand":[],"product_cat":[34],"product_tag":[511,513,512],"class_list":{"0":"post-750","1":"product","2":"type-product","3":"status-publish","4":"has-post-thumbnail","6":"product_cat-silk-scarves","7":"product_tag-25-momme-silk-scarf-blush","8":"product_tag-manufacturer-silk-scarf-for-gift-assortments","9":"product_tag-soft-shine-silk-scarf-hand-rolled","11":"first","12":"instock","13":"shipping-taxable","14":"purchasable","15":"product-type-simple"},"_links":{"self":[{"href":"https:\/\/silk-pajamas.com\/de\/wp-json\/wp\/v2\/product\/750","targetHints":{"allow":["GET"]}}],"collection":[{"href":"https:\/\/silk-pajamas.com\/de\/wp-json\/wp\/v2\/product"}],"about":[{"href":"https:\/\/silk-pajamas.com\/de\/wp-json\/wp\/v2\/types\/product"}],"wp:featuredmedia":[{"embeddable":true,"href":"https:\/\/silk-pajamas.com\/de\/wp-json\/wp\/v2\/media\/2003"}],"wp:attachment":[{"href":"https:\/\/silk-pajamas.com\/de\/wp-json\/wp\/v2\/media?parent=750"}],"wp:term":[{"taxonomy":"product_brand","embeddable":true,"href":"https:\/\/silk-pajamas.com\/de\/wp-json\/wp\/v2\/product_brand?post=750"},{"taxonomy":"product_cat","embeddable":true,"href":"https:\/\/silk-pajamas.com\/de\/wp-json\/wp\/v2\/product_cat?post=750"},{"taxonomy":"product_tag","embeddable":true,"href":"https:\/\/silk-pajamas.com\/de\/wp-json\/wp\/v2\/product_tag?post=750"}],"curies":[{"name":"wp","href":"https:\/\/api.w.org\/{rel}","templated":true}]}}