{"id":751,"date":"2026-04-12T15:43:25","date_gmt":"2026-04-12T15:43:25","guid":{"rendered":"https:\/\/silk-pajamas.com\/25-momme-mulberry-silk-scarf-printed-pearl-wholesale\/"},"modified":"2026-05-08T03:16:54","modified_gmt":"2026-05-08T03:16:54","slug":"25-momme-mulberry-silk-scarf-printed-pearl-wholesale","status":"publish","type":"product","link":"https:\/\/silk-pajamas.com\/de\/25-momme-mulberry-silk-scarf-printed-pearl-wholesale\/","title":{"rendered":"25 Momme Maulbeerseidenschal bedruckte Perle Gro\u00dfhandel"},"content":{"rendered":"<p>Dieser Seidenschal aus 25 momme Maulbeerseide ist w\u00e4rmeregulierend, f\u00fchlt sich angenehm auf der Haut an und l\u00e4sst sich elegant bewegen. Die bedruckte Konstruktion und die Perlenfarbe sorgen f\u00fcr einen edlen Look bei der Zusammenstellung von Geschenken. Erh\u00e4ltlich in 180x65cm. Handw\u00e4sche kalt oder im Schonwaschgang.<\/p>","protected":false},"excerpt":{"rendered":"<p>25 Momme Mulberry Seidenschal aus Seide in Pearl. Bedruckte Oberfl\u00e4che, thermoregulierendes Gef\u00fchl und Gr\u00f6\u00dfenbereich 180x65cm. Entworfen f\u00fcr Geschenksortimente.<\/p>","protected":false},"featured_media":1938,"template":"","meta":{"_gspb_post_css":""},"product_brand":[],"product_cat":[34],"product_tag":[496,514,505],"class_list":{"0":"post-751","1":"product","2":"type-product","3":"status-publish","4":"has-post-thumbnail","6":"product_cat-silk-scarves","7":"product_tag-25-momme-silk-scarf-pearl","8":"product_tag-mulberry-silk-scarf-printed","9":"product_tag-wholesale-silk-scarf-for-gift-assortments","11":"first","12":"instock","13":"featured","14":"shipping-taxable","15":"purchasable","16":"product-type-simple"},"_links":{"self":[{"href":"https:\/\/silk-pajamas.com\/de\/wp-json\/wp\/v2\/product\/751","targetHints":{"allow":["GET"]}}],"collection":[{"href":"https:\/\/silk-pajamas.com\/de\/wp-json\/wp\/v2\/product"}],"about":[{"href":"https:\/\/silk-pajamas.com\/de\/wp-json\/wp\/v2\/types\/product"}],"wp:featuredmedia":[{"embeddable":true,"href":"https:\/\/silk-pajamas.com\/de\/wp-json\/wp\/v2\/media\/1938"}],"wp:attachment":[{"href":"https:\/\/silk-pajamas.com\/de\/wp-json\/wp\/v2\/media?parent=751"}],"wp:term":[{"taxonomy":"product_brand","embeddable":true,"href":"https:\/\/silk-pajamas.com\/de\/wp-json\/wp\/v2\/product_brand?post=751"},{"taxonomy":"product_cat","embeddable":true,"href":"https:\/\/silk-pajamas.com\/de\/wp-json\/wp\/v2\/product_cat?post=751"},{"taxonomy":"product_tag","embeddable":true,"href":"https:\/\/silk-pajamas.com\/de\/wp-json\/wp\/v2\/product_tag?post=751"}],"curies":[{"name":"wp","href":"https:\/\/api.w.org\/{rel}","templated":true}]}}