{"id":752,"date":"2026-04-12T15:43:25","date_gmt":"2026-04-12T15:43:25","guid":{"rendered":"https:\/\/silk-pajamas.com\/19-momme-charmeuse-mulberry-silk-scarf-double-sided-silver\/"},"modified":"2026-05-08T03:20:13","modified_gmt":"2026-05-08T03:20:13","slug":"19-momme-charmeuse-mulberry-silk-scarf-double-sided-silver","status":"publish","type":"product","link":"https:\/\/silk-pajamas.com\/de\/19-momme-charmeuse-mulberry-silk-scarf-double-sided-silver\/","title":{"rendered":"19 Momme Charmeuse Maulbeerseidenschal Double Sided Silber"},"content":{"rendered":"<p>Dieser Seidenschal aus 19 Momme-Charmeuse-Seide kombiniert doppelseitige Details mit einem weichen Glanz und einem atmungsaktiven Gef\u00fchl. Das silberne Finish verleiht ihm einen raffinierten Look, w\u00e4hrend die Gr\u00f6\u00dfe 53x53cm den Kernbedarf abdeckt. Geeignet f\u00fcr M\u00e4nner und f\u00fcr die gesamte Saisongarderobe. Kalt von Hand waschen oder im Schonwaschgang.<\/p>","protected":false},"excerpt":{"rendered":"<p>19 Momme Charmeuse Seidenschal in Silber. Doppelseitige Verarbeitung, weicher Faltenwurf und Gr\u00f6\u00dfenbereich 53x53cm. Entworfen f\u00fcr M\u00e4nner.<\/p>","protected":false},"featured_media":2007,"template":"","meta":{"_gspb_post_css":""},"product_brand":[],"product_cat":[34],"product_tag":[515,516,517],"class_list":{"0":"post-752","1":"product","2":"type-product","3":"status-publish","4":"has-post-thumbnail","6":"product_cat-silk-scarves","7":"product_tag-19-momme-silk-scarf-silver","8":"product_tag-charmeuse-silk-scarf-double-sided","9":"product_tag-manufacturer-silk-scarf-for-men","11":"first","12":"instock","13":"shipping-taxable","14":"purchasable","15":"product-type-simple"},"_links":{"self":[{"href":"https:\/\/silk-pajamas.com\/de\/wp-json\/wp\/v2\/product\/752","targetHints":{"allow":["GET"]}}],"collection":[{"href":"https:\/\/silk-pajamas.com\/de\/wp-json\/wp\/v2\/product"}],"about":[{"href":"https:\/\/silk-pajamas.com\/de\/wp-json\/wp\/v2\/types\/product"}],"wp:featuredmedia":[{"embeddable":true,"href":"https:\/\/silk-pajamas.com\/de\/wp-json\/wp\/v2\/media\/2007"}],"wp:attachment":[{"href":"https:\/\/silk-pajamas.com\/de\/wp-json\/wp\/v2\/media?parent=752"}],"wp:term":[{"taxonomy":"product_brand","embeddable":true,"href":"https:\/\/silk-pajamas.com\/de\/wp-json\/wp\/v2\/product_brand?post=752"},{"taxonomy":"product_cat","embeddable":true,"href":"https:\/\/silk-pajamas.com\/de\/wp-json\/wp\/v2\/product_cat?post=752"},{"taxonomy":"product_tag","embeddable":true,"href":"https:\/\/silk-pajamas.com\/de\/wp-json\/wp\/v2\/product_tag?post=752"}],"curies":[{"name":"wp","href":"https:\/\/api.w.org\/{rel}","templated":true}]}}