{"id":753,"date":"2026-04-12T15:43:25","date_gmt":"2026-04-12T15:43:25","guid":{"rendered":"https:\/\/silk-pajamas.com\/19-momme-soft-shine-silk-scarf-double-sided-coffee\/"},"modified":"2026-05-08T03:22:18","modified_gmt":"2026-05-08T03:22:18","slug":"19-momme-soft-shine-silk-scarf-double-sided-coffee","status":"publish","type":"product","link":"https:\/\/silk-pajamas.com\/de\/19-momme-soft-shine-silk-scarf-double-sided-coffee\/","title":{"rendered":"19 Momme Soft Shine Seidenschal Double Sided Coffee"},"content":{"rendered":"<p>Dieser Seidenschal ist aus 19 momme weicher, gl\u00e4nzender Seide in einem Kaffeeton gefertigt. Er ist doppelseitig, f\u00fchlt sich weich an und l\u00e4sst sich auf Reisen bequem tragen. Der Schal ist 53x53cm gro\u00df und eignet sich f\u00fcr alle Jahreszeiten, als Geschenk und f\u00fcr den t\u00e4glichen Komfort. Handw\u00e4sche kalt oder im Schonwaschgang.<\/p>","protected":false},"excerpt":{"rendered":"<p>19 Momme Soft Shine Seidenschal aus Seide in Coffee. Doppelseitige Verarbeitung, knitterfrei und 53x53cm gro\u00df. Konzipiert f\u00fcr den Einsatz auf Reisen.<\/p>","protected":false},"featured_media":2012,"template":"","meta":{"_gspb_post_css":""},"product_brand":[],"product_cat":[34],"product_tag":[518,520,519],"class_list":{"0":"post-753","1":"product","2":"type-product","3":"status-publish","4":"has-post-thumbnail","6":"product_cat-silk-scarves","7":"product_tag-19-momme-silk-scarf-coffee","8":"product_tag-manufacturer-silk-scarf-for-travel-use","9":"product_tag-soft-shine-silk-scarf-double-sided","11":"first","12":"instock","13":"shipping-taxable","14":"purchasable","15":"product-type-simple"},"_links":{"self":[{"href":"https:\/\/silk-pajamas.com\/de\/wp-json\/wp\/v2\/product\/753","targetHints":{"allow":["GET"]}}],"collection":[{"href":"https:\/\/silk-pajamas.com\/de\/wp-json\/wp\/v2\/product"}],"about":[{"href":"https:\/\/silk-pajamas.com\/de\/wp-json\/wp\/v2\/types\/product"}],"wp:featuredmedia":[{"embeddable":true,"href":"https:\/\/silk-pajamas.com\/de\/wp-json\/wp\/v2\/media\/2012"}],"wp:attachment":[{"href":"https:\/\/silk-pajamas.com\/de\/wp-json\/wp\/v2\/media?parent=753"}],"wp:term":[{"taxonomy":"product_brand","embeddable":true,"href":"https:\/\/silk-pajamas.com\/de\/wp-json\/wp\/v2\/product_brand?post=753"},{"taxonomy":"product_cat","embeddable":true,"href":"https:\/\/silk-pajamas.com\/de\/wp-json\/wp\/v2\/product_cat?post=753"},{"taxonomy":"product_tag","embeddable":true,"href":"https:\/\/silk-pajamas.com\/de\/wp-json\/wp\/v2\/product_tag?post=753"}],"curies":[{"name":"wp","href":"https:\/\/api.w.org\/{rel}","templated":true}]}}