{"id":755,"date":"2026-04-12T15:43:25","date_gmt":"2026-04-12T15:43:25","guid":{"rendered":"https:\/\/silk-pajamas.com\/19-momme-mulberry-silk-scarf-double-sided-pearl\/"},"modified":"2026-05-08T03:30:49","modified_gmt":"2026-05-08T03:30:49","slug":"19-momme-mulberry-silk-scarf-double-sided-pearl","status":"publish","type":"product","link":"https:\/\/silk-pajamas.com\/de\/19-momme-mulberry-silk-scarf-double-sided-pearl\/","title":{"rendered":"19 Momme Maulbeerseidenschal Double Sided Pearl"},"content":{"rendered":"<p>Dieser Seidenschal ist aus 19 momme Maulbeerseide in einem Perlton gefertigt. Er ist doppelseitig, f\u00fchlt sich weich an und hat einen angenehmen Fall f\u00fcr Frauen. Der Schal ist f\u00fcr die Gr\u00f6\u00dfen 65x65cm geeignet und eignet sich gut f\u00fcr den Fr\u00fchling, als Geschenk und f\u00fcr den t\u00e4glichen Komfort. Handw\u00e4sche kalt oder im Schonwaschgang.<\/p>","protected":false},"excerpt":{"rendered":"<p>19 Momme Mulberry Seide Seidenschal in Pearl. Doppelseitige Verarbeitung, thermoregulierendes Gef\u00fchl und Gr\u00f6\u00dfenbereich 65x65cm. Entworfen f\u00fcr Frauen.<\/p>","protected":false},"featured_media":2020,"template":"","meta":{"_gspb_post_css":""},"product_brand":[],"product_cat":[34],"product_tag":[524,502,525],"class_list":{"0":"post-755","1":"product","2":"type-product","3":"status-publish","4":"has-post-thumbnail","6":"product_cat-silk-scarves","7":"product_tag-19-momme-silk-scarf-pearl","8":"product_tag-mulberry-silk-scarf-double-sided","9":"product_tag-wholesale-silk-scarf-for-women","11":"first","12":"instock","13":"shipping-taxable","14":"purchasable","15":"product-type-simple"},"_links":{"self":[{"href":"https:\/\/silk-pajamas.com\/de\/wp-json\/wp\/v2\/product\/755","targetHints":{"allow":["GET"]}}],"collection":[{"href":"https:\/\/silk-pajamas.com\/de\/wp-json\/wp\/v2\/product"}],"about":[{"href":"https:\/\/silk-pajamas.com\/de\/wp-json\/wp\/v2\/types\/product"}],"wp:featuredmedia":[{"embeddable":true,"href":"https:\/\/silk-pajamas.com\/de\/wp-json\/wp\/v2\/media\/2020"}],"wp:attachment":[{"href":"https:\/\/silk-pajamas.com\/de\/wp-json\/wp\/v2\/media?parent=755"}],"wp:term":[{"taxonomy":"product_brand","embeddable":true,"href":"https:\/\/silk-pajamas.com\/de\/wp-json\/wp\/v2\/product_brand?post=755"},{"taxonomy":"product_cat","embeddable":true,"href":"https:\/\/silk-pajamas.com\/de\/wp-json\/wp\/v2\/product_cat?post=755"},{"taxonomy":"product_tag","embeddable":true,"href":"https:\/\/silk-pajamas.com\/de\/wp-json\/wp\/v2\/product_tag?post=755"}],"curies":[{"name":"wp","href":"https:\/\/api.w.org\/{rel}","templated":true}]}}