{"id":757,"date":"2026-04-12T15:43:25","date_gmt":"2026-04-12T15:43:25","guid":{"rendered":"https:\/\/silk-pajamas.com\/22-momme-charmeuse-silk-scarf-square-floral-manufacturer\/"},"modified":"2026-05-08T03:38:29","modified_gmt":"2026-05-08T03:38:29","slug":"22-momme-charmeuse-silk-scarf-square-floral-manufacturer","status":"publish","type":"product","link":"https:\/\/silk-pajamas.com\/de\/22-momme-charmeuse-silk-scarf-square-floral-manufacturer\/","title":{"rendered":"22 Momme Charmeuse Seidenschal Quadratisch Floral Hersteller"},"content":{"rendered":"<p>Dieser Seidenschal aus 22 Momme-Charmeuse-Seide kombiniert quadratische Details mit einem weichen Glanz und einem atmungsaktiven Gef\u00fchl. Das florale Finish verleiht ihm einen raffinierten Look, w\u00e4hrend die Gr\u00f6\u00dfe 180x65cm den Kernbedarf abdeckt. Geeignet f\u00fcr die Herren- und Sommergarderobe. Kalt von Hand waschen oder im Schonwaschgang.<\/p>","protected":false},"excerpt":{"rendered":"<p>22 Momme Charmeuse Seidenschal in Floral. Quadratische Oberfl\u00e4che, atmungsaktiv und 180x65cm gro\u00df. Entworfen f\u00fcr M\u00e4nner.<\/p>","protected":false},"featured_media":2030,"template":"","meta":{"_gspb_post_css":""},"product_brand":[],"product_cat":[34],"product_tag":[527,510,528],"class_list":{"0":"post-757","1":"product","2":"type-product","3":"status-publish","4":"has-post-thumbnail","6":"product_cat-silk-scarves","7":"product_tag-22-momme-silk-scarf-floral","8":"product_tag-charmeuse-silk-scarf-square","9":"product_tag-wholesale-silk-scarf-for-men","11":"first","12":"instock","13":"shipping-taxable","14":"purchasable","15":"product-type-simple"},"_links":{"self":[{"href":"https:\/\/silk-pajamas.com\/de\/wp-json\/wp\/v2\/product\/757","targetHints":{"allow":["GET"]}}],"collection":[{"href":"https:\/\/silk-pajamas.com\/de\/wp-json\/wp\/v2\/product"}],"about":[{"href":"https:\/\/silk-pajamas.com\/de\/wp-json\/wp\/v2\/types\/product"}],"wp:featuredmedia":[{"embeddable":true,"href":"https:\/\/silk-pajamas.com\/de\/wp-json\/wp\/v2\/media\/2030"}],"wp:attachment":[{"href":"https:\/\/silk-pajamas.com\/de\/wp-json\/wp\/v2\/media?parent=757"}],"wp:term":[{"taxonomy":"product_brand","embeddable":true,"href":"https:\/\/silk-pajamas.com\/de\/wp-json\/wp\/v2\/product_brand?post=757"},{"taxonomy":"product_cat","embeddable":true,"href":"https:\/\/silk-pajamas.com\/de\/wp-json\/wp\/v2\/product_cat?post=757"},{"taxonomy":"product_tag","embeddable":true,"href":"https:\/\/silk-pajamas.com\/de\/wp-json\/wp\/v2\/product_tag?post=757"}],"curies":[{"name":"wp","href":"https:\/\/api.w.org\/{rel}","templated":true}]}}