{"id":758,"date":"2026-04-12T15:43:25","date_gmt":"2026-04-12T15:43:25","guid":{"rendered":"https:\/\/silk-pajamas.com\/22-momme-mulberry-silk-scarf-hand-rolled-navy-wholesale\/"},"modified":"2026-05-08T03:41:18","modified_gmt":"2026-05-08T03:41:18","slug":"22-momme-mulberry-silk-scarf-hand-rolled-navy-wholesale","status":"publish","type":"product","link":"https:\/\/silk-pajamas.com\/de\/22-momme-mulberry-silk-scarf-hand-rolled-navy-wholesale\/","title":{"rendered":"22 Momme Maulbeerseidenschal Hand gerollt Marine Gro\u00dfhandel"},"content":{"rendered":"<p>Dieser Seidenschal aus 22 momme Maulbeerseide f\u00fchlt sich weich an, ist sanft zur Haut und elegant in der Bewegung. Die handgerollte Konstruktion und die marineblaue Farbe halten den Look f\u00fcr Geschenksortimente poliert. Erh\u00e4ltlich in 53x53cm. Handw\u00e4sche kalt oder im Schonwaschgang.<\/p>","protected":false},"excerpt":{"rendered":"<p>22 Momme Mulberry Seidenschal in Navy. Handgerolltes Finish, weiche Haptik und Gr\u00f6\u00dfe 53x53cm. Entworfen f\u00fcr Geschenksortimente.<\/p>","protected":false},"featured_media":2035,"template":"","meta":{"_gspb_post_css":""},"product_brand":[],"product_cat":[34],"product_tag":[491,504,495],"class_list":{"0":"post-758","1":"product","2":"type-product","3":"status-publish","4":"has-post-thumbnail","6":"product_cat-silk-scarves","7":"product_tag-22-momme-silk-scarf-navy","8":"product_tag-mulberry-silk-scarf-hand-rolled","9":"product_tag-supplier-silk-scarf-for-gift-assortments","11":"first","12":"instock","13":"shipping-taxable","14":"purchasable","15":"product-type-simple"},"_links":{"self":[{"href":"https:\/\/silk-pajamas.com\/de\/wp-json\/wp\/v2\/product\/758","targetHints":{"allow":["GET"]}}],"collection":[{"href":"https:\/\/silk-pajamas.com\/de\/wp-json\/wp\/v2\/product"}],"about":[{"href":"https:\/\/silk-pajamas.com\/de\/wp-json\/wp\/v2\/types\/product"}],"wp:featuredmedia":[{"embeddable":true,"href":"https:\/\/silk-pajamas.com\/de\/wp-json\/wp\/v2\/media\/2035"}],"wp:attachment":[{"href":"https:\/\/silk-pajamas.com\/de\/wp-json\/wp\/v2\/media?parent=758"}],"wp:term":[{"taxonomy":"product_brand","embeddable":true,"href":"https:\/\/silk-pajamas.com\/de\/wp-json\/wp\/v2\/product_brand?post=758"},{"taxonomy":"product_cat","embeddable":true,"href":"https:\/\/silk-pajamas.com\/de\/wp-json\/wp\/v2\/product_cat?post=758"},{"taxonomy":"product_tag","embeddable":true,"href":"https:\/\/silk-pajamas.com\/de\/wp-json\/wp\/v2\/product_tag?post=758"}],"curies":[{"name":"wp","href":"https:\/\/api.w.org\/{rel}","templated":true}]}}