{"id":759,"date":"2026-04-12T15:43:26","date_gmt":"2026-04-12T15:43:26","guid":{"rendered":"https:\/\/silk-pajamas.com\/22-momme-double-layer-mulberry-silk-scarf-printed-wine\/"},"modified":"2026-05-06T09:26:27","modified_gmt":"2026-05-06T09:26:27","slug":"22-momme-double-layer-mulberry-silk-scarf-printed-wine","status":"publish","type":"product","link":"https:\/\/silk-pajamas.com\/de\/22-momme-double-layer-mulberry-silk-scarf-printed-wine\/","title":{"rendered":"22 Momme Double Layer Maulbeerseidenschal Bedruckter Wein"},"content":{"rendered":"<p>Dieser Seidenschal ist aus 22 momme doppellagiger Seide in einem Weinton gefertigt. Er ist bedruckt, f\u00fchlt sich weich an und hat einen angenehmen Fall f\u00fcr Frauen. Der Schal ist 53x53cm gro\u00df und eignet sich gut f\u00fcr den Herbst, zum Verschenken und f\u00fcr den t\u00e4glichen Komfort. Handw\u00e4sche kalt oder im Schonwaschgang.<\/p>","protected":false},"excerpt":{"rendered":"<p>22 Momme Double Layer Seidenschal aus Seide in Wine. Bedruckte Oberfl\u00e4che, leichtes Tragegef\u00fchl und Gr\u00f6\u00dfenbereich 53x53cm. Entworfen f\u00fcr Frauen.<\/p>","protected":false},"featured_media":1937,"template":"","meta":{"_gspb_post_css":""},"product_brand":[],"product_cat":[34],"product_tag":[509,529,530],"class_list":{"0":"post-759","1":"product","2":"type-product","3":"status-publish","4":"has-post-thumbnail","6":"product_cat-silk-scarves","7":"product_tag-22-momme-silk-scarf-wine","8":"product_tag-double-layer-silk-scarf-printed","9":"product_tag-factory-silk-scarf-for-women","11":"first","12":"instock","13":"shipping-taxable","14":"purchasable","15":"product-type-simple"},"_links":{"self":[{"href":"https:\/\/silk-pajamas.com\/de\/wp-json\/wp\/v2\/product\/759","targetHints":{"allow":["GET"]}}],"collection":[{"href":"https:\/\/silk-pajamas.com\/de\/wp-json\/wp\/v2\/product"}],"about":[{"href":"https:\/\/silk-pajamas.com\/de\/wp-json\/wp\/v2\/types\/product"}],"wp:featuredmedia":[{"embeddable":true,"href":"https:\/\/silk-pajamas.com\/de\/wp-json\/wp\/v2\/media\/1937"}],"wp:attachment":[{"href":"https:\/\/silk-pajamas.com\/de\/wp-json\/wp\/v2\/media?parent=759"}],"wp:term":[{"taxonomy":"product_brand","embeddable":true,"href":"https:\/\/silk-pajamas.com\/de\/wp-json\/wp\/v2\/product_brand?post=759"},{"taxonomy":"product_cat","embeddable":true,"href":"https:\/\/silk-pajamas.com\/de\/wp-json\/wp\/v2\/product_cat?post=759"},{"taxonomy":"product_tag","embeddable":true,"href":"https:\/\/silk-pajamas.com\/de\/wp-json\/wp\/v2\/product_tag?post=759"}],"curies":[{"name":"wp","href":"https:\/\/api.w.org\/{rel}","templated":true}]}}