{"id":761,"date":"2026-04-12T15:43:26","date_gmt":"2026-04-12T15:43:26","guid":{"rendered":"https:\/\/silk-pajamas.com\/25-momme-charmeuse-mulberry-silk-scarf-square-coffee\/"},"modified":"2026-05-06T09:38:45","modified_gmt":"2026-05-06T09:38:45","slug":"25-momme-charmeuse-mulberry-silk-scarf-square-coffee","status":"publish","type":"product","link":"https:\/\/silk-pajamas.com\/de\/25-momme-charmeuse-mulberry-silk-scarf-square-coffee\/","title":{"rendered":"25 Momme Charmeuse Maulbeerseidenschal Quadratisch Kaffee"},"content":{"rendered":"<p>Dieser Seidenschal aus 25 Momme-Charmeuse-Seide kombiniert quadratische Details mit einem weichen Glanz und einem atmungsaktiven Tragegef\u00fchl. Das Kaffee-Finish verleiht ihm einen raffinierten Look, w\u00e4hrend die Ma\u00dfe 180x65cm den Kernbedarf decken. Geeignet f\u00fcr Reisen und die Herbstgarderobe. Kalt von Hand waschen oder im Schonwaschgang.<\/p>","protected":false},"excerpt":{"rendered":"<p>25 Momme Charmeuse Seidenschal aus Seide in Coffee. Quadratisches Finish, atmungsaktiv und 180x65cm gro\u00df. Entworfen f\u00fcr den Einsatz auf Reisen.<\/p>","protected":false},"featured_media":1945,"template":"","meta":{"_gspb_post_css":""},"product_brand":[],"product_cat":[34],"product_tag":[534,510,533],"class_list":{"0":"post-761","1":"product","2":"type-product","3":"status-publish","4":"has-post-thumbnail","6":"product_cat-silk-scarves","7":"product_tag-25-momme-silk-scarf-coffee","8":"product_tag-charmeuse-silk-scarf-square","9":"product_tag-vendor-silk-scarf-for-travel-use","11":"first","12":"instock","13":"featured","14":"shipping-taxable","15":"purchasable","16":"product-type-simple"},"_links":{"self":[{"href":"https:\/\/silk-pajamas.com\/de\/wp-json\/wp\/v2\/product\/761","targetHints":{"allow":["GET"]}}],"collection":[{"href":"https:\/\/silk-pajamas.com\/de\/wp-json\/wp\/v2\/product"}],"about":[{"href":"https:\/\/silk-pajamas.com\/de\/wp-json\/wp\/v2\/types\/product"}],"wp:featuredmedia":[{"embeddable":true,"href":"https:\/\/silk-pajamas.com\/de\/wp-json\/wp\/v2\/media\/1945"}],"wp:attachment":[{"href":"https:\/\/silk-pajamas.com\/de\/wp-json\/wp\/v2\/media?parent=761"}],"wp:term":[{"taxonomy":"product_brand","embeddable":true,"href":"https:\/\/silk-pajamas.com\/de\/wp-json\/wp\/v2\/product_brand?post=761"},{"taxonomy":"product_cat","embeddable":true,"href":"https:\/\/silk-pajamas.com\/de\/wp-json\/wp\/v2\/product_cat?post=761"},{"taxonomy":"product_tag","embeddable":true,"href":"https:\/\/silk-pajamas.com\/de\/wp-json\/wp\/v2\/product_tag?post=761"}],"curies":[{"name":"wp","href":"https:\/\/api.w.org\/{rel}","templated":true}]}}