{"id":765,"date":"2026-04-12T15:43:26","date_gmt":"2026-04-12T15:43:26","guid":{"rendered":"https:\/\/silk-pajamas.com\/25-momme-soft-shine-mulberry-silk-scrunchie-gift-box-blush\/"},"modified":"2026-05-08T02:44:33","modified_gmt":"2026-05-08T02:44:33","slug":"25-momme-soft-shine-mulberry-silk-scrunchie-gift-box-blush","status":"publish","type":"product","link":"https:\/\/silk-pajamas.com\/de\/25-momme-soft-shine-mulberry-silk-scrunchie-gift-box-blush\/","title":{"rendered":"25 Momme Soft Shine Mulberry Silk Scrunchie Geschenkbox Blush"},"content":{"rendered":"<p>Dieses Haargummi aus 25 momme weicher, gl\u00e4nzender Seide kombiniert die Details einer Geschenkbox mit einem weichen Glanz und einem atmungsaktiven Gef\u00fchl. Das Rouge-Finish verleiht ihm einen raffinierten Look, w\u00e4hrend die Gr\u00f6\u00dfe von 7 cm dazu beitr\u00e4gt, den Kernbedarf zu decken. Geeignet f\u00fcr Geschenksortimente und Fr\u00fchlingsgarderobe. Kalt von Hand waschen und flach hinlegen.<\/p>","protected":false},"excerpt":{"rendered":"<p>25 Momme Soft Shine Seiden-Haargummi in Blush. Geschenkbox, knitterfrei und mit einer Gr\u00f6\u00dfe von 7 cm. Entworfen f\u00fcr Geschenksortimente.<\/p>","protected":false},"featured_media":1877,"template":"","meta":{"_gspb_post_css":""},"product_brand":[],"product_cat":[36],"product_tag":[539,537,540],"class_list":{"0":"post-765","1":"product","2":"type-product","3":"status-publish","4":"has-post-thumbnail","6":"product_cat-silk-scrunchies","7":"product_tag-25-momme-silk-scrunchie-blush","8":"product_tag-soft-shine-silk-scrunchie-gift-box","9":"product_tag-supplier-silk-scrunchie-for-gift-assortments","11":"first","12":"instock","13":"shipping-taxable","14":"purchasable","15":"product-type-simple"},"_links":{"self":[{"href":"https:\/\/silk-pajamas.com\/de\/wp-json\/wp\/v2\/product\/765","targetHints":{"allow":["GET"]}}],"collection":[{"href":"https:\/\/silk-pajamas.com\/de\/wp-json\/wp\/v2\/product"}],"about":[{"href":"https:\/\/silk-pajamas.com\/de\/wp-json\/wp\/v2\/types\/product"}],"wp:featuredmedia":[{"embeddable":true,"href":"https:\/\/silk-pajamas.com\/de\/wp-json\/wp\/v2\/media\/1877"}],"wp:attachment":[{"href":"https:\/\/silk-pajamas.com\/de\/wp-json\/wp\/v2\/media?parent=765"}],"wp:term":[{"taxonomy":"product_brand","embeddable":true,"href":"https:\/\/silk-pajamas.com\/de\/wp-json\/wp\/v2\/product_brand?post=765"},{"taxonomy":"product_cat","embeddable":true,"href":"https:\/\/silk-pajamas.com\/de\/wp-json\/wp\/v2\/product_cat?post=765"},{"taxonomy":"product_tag","embeddable":true,"href":"https:\/\/silk-pajamas.com\/de\/wp-json\/wp\/v2\/product_tag?post=765"}],"curies":[{"name":"wp","href":"https:\/\/api.w.org\/{rel}","templated":true}]}}