{"id":768,"date":"2026-04-12T15:43:26","date_gmt":"2026-04-12T15:43:26","guid":{"rendered":"https:\/\/silk-pajamas.com\/25-momme-double-layer-mulberry-silk-scrunchie-7cm-emerald\/"},"modified":"2026-05-08T02:51:59","modified_gmt":"2026-05-08T02:51:59","slug":"25-momme-double-layer-mulberry-silk-scrunchie-7cm-emerald","status":"publish","type":"product","link":"https:\/\/silk-pajamas.com\/de\/25-momme-double-layer-mulberry-silk-scrunchie-7cm-emerald\/","title":{"rendered":"25 Momme Double Layer Mulberry Silk Scrunchie 7cm Smaragd"},"content":{"rendered":"<p>Dieses Haargummi ist aus 25 momme doppellagiger Seide in einem Smaragdton gefertigt. Das Haargummi ist nahtlos, liegt gut in der Hand und bietet einen angenehmen Fall f\u00fcr langes Haar. Das Haargummi ist f\u00fcr die Gr\u00f6\u00dfe 7 cm geeignet und eignet sich gut f\u00fcr den Fr\u00fchling, als Geschenk und f\u00fcr den t\u00e4glichen Komfort. Kalt von Hand waschen und flach hinlegen.<\/p>","protected":false},"excerpt":{"rendered":"<p>25 Momme Double Layer Haargummi aus Seide in Emerald. Nahtlose Verarbeitung, weicher Faltenwurf und Gr\u00f6\u00dfenbereich 7 cm. Entworfen f\u00fcr die Pflege von langem Haar.<\/p>","protected":false},"featured_media":1958,"template":"","meta":{"_gspb_post_css":""},"product_brand":[],"product_cat":[36],"product_tag":[547,548,549],"class_list":{"0":"post-768","1":"product","2":"type-product","3":"status-publish","4":"has-post-thumbnail","6":"product_cat-silk-scrunchies","7":"product_tag-25-momme-silk-scrunchie-emerald","8":"product_tag-double-layer-silk-scrunchie-seamless","9":"product_tag-factory-silk-scrunchie-for-long-hair-care","11":"first","12":"instock","13":"shipping-taxable","14":"purchasable","15":"product-type-simple"},"_links":{"self":[{"href":"https:\/\/silk-pajamas.com\/de\/wp-json\/wp\/v2\/product\/768","targetHints":{"allow":["GET"]}}],"collection":[{"href":"https:\/\/silk-pajamas.com\/de\/wp-json\/wp\/v2\/product"}],"about":[{"href":"https:\/\/silk-pajamas.com\/de\/wp-json\/wp\/v2\/types\/product"}],"wp:featuredmedia":[{"embeddable":true,"href":"https:\/\/silk-pajamas.com\/de\/wp-json\/wp\/v2\/media\/1958"}],"wp:attachment":[{"href":"https:\/\/silk-pajamas.com\/de\/wp-json\/wp\/v2\/media?parent=768"}],"wp:term":[{"taxonomy":"product_brand","embeddable":true,"href":"https:\/\/silk-pajamas.com\/de\/wp-json\/wp\/v2\/product_brand?post=768"},{"taxonomy":"product_cat","embeddable":true,"href":"https:\/\/silk-pajamas.com\/de\/wp-json\/wp\/v2\/product_cat?post=768"},{"taxonomy":"product_tag","embeddable":true,"href":"https:\/\/silk-pajamas.com\/de\/wp-json\/wp\/v2\/product_tag?post=768"}],"curies":[{"name":"wp","href":"https:\/\/api.w.org\/{rel}","templated":true}]}}