{"id":769,"date":"2026-04-12T15:43:26","date_gmt":"2026-04-12T15:43:26","guid":{"rendered":"https:\/\/silk-pajamas.com\/19-momme-soft-shine-silk-scrunchie-oversized-sky-blue\/"},"modified":"2026-05-08T02:53:23","modified_gmt":"2026-05-08T02:53:23","slug":"19-momme-soft-shine-silk-scrunchie-oversized-sky-blue","status":"publish","type":"product","link":"https:\/\/silk-pajamas.com\/de\/19-momme-soft-shine-silk-scrunchie-oversized-sky-blue\/","title":{"rendered":"19 Momme Soft Shine Silk Scrunchie \u00dcbergr\u00f6\u00dfe Himmelblau"},"content":{"rendered":"<p>Dieses Haargummi aus 19 momme weich gl\u00e4nzender Seide bietet ein atmungsaktives, sanftes Hautgef\u00fchl und elegante Bewegung. Die \u00fcbergro\u00dfe Konstruktion und die himmelblaue Farbe sorgen f\u00fcr einen eleganten Look f\u00fcr Frauen. Erh\u00e4ltlich in 5 cm. Kalt von Hand waschen und flach hinlegen.<\/p>","protected":false},"excerpt":{"rendered":"<p>19 Momme Soft Shine Haargummi aus Seide in Sky Blue. \u00dcbergro\u00dfe Ausf\u00fchrung, atmungsaktives Gef\u00fchl und Gr\u00f6\u00dfenbereich 5 cm. Entworfen f\u00fcr Frauen.<\/p>","protected":false},"featured_media":1974,"template":"","meta":{"_gspb_post_css":""},"product_brand":[],"product_cat":[36],"product_tag":[550,552,551],"class_list":{"0":"post-769","1":"product","2":"type-product","3":"status-publish","4":"has-post-thumbnail","6":"product_cat-silk-scrunchies","7":"product_tag-19-momme-silk-scrunchie-sky-blue","8":"product_tag-manufacturer-silk-scrunchie-for-women","9":"product_tag-soft-shine-silk-scrunchie-oversized","11":"first","12":"instock","13":"featured","14":"shipping-taxable","15":"purchasable","16":"product-type-simple"},"_links":{"self":[{"href":"https:\/\/silk-pajamas.com\/de\/wp-json\/wp\/v2\/product\/769","targetHints":{"allow":["GET"]}}],"collection":[{"href":"https:\/\/silk-pajamas.com\/de\/wp-json\/wp\/v2\/product"}],"about":[{"href":"https:\/\/silk-pajamas.com\/de\/wp-json\/wp\/v2\/types\/product"}],"wp:featuredmedia":[{"embeddable":true,"href":"https:\/\/silk-pajamas.com\/de\/wp-json\/wp\/v2\/media\/1974"}],"wp:attachment":[{"href":"https:\/\/silk-pajamas.com\/de\/wp-json\/wp\/v2\/media?parent=769"}],"wp:term":[{"taxonomy":"product_brand","embeddable":true,"href":"https:\/\/silk-pajamas.com\/de\/wp-json\/wp\/v2\/product_brand?post=769"},{"taxonomy":"product_cat","embeddable":true,"href":"https:\/\/silk-pajamas.com\/de\/wp-json\/wp\/v2\/product_cat?post=769"},{"taxonomy":"product_tag","embeddable":true,"href":"https:\/\/silk-pajamas.com\/de\/wp-json\/wp\/v2\/product_tag?post=769"}],"curies":[{"name":"wp","href":"https:\/\/api.w.org\/{rel}","templated":true}]}}