{"id":770,"date":"2026-04-12T15:43:26","date_gmt":"2026-04-12T15:43:26","guid":{"rendered":"https:\/\/silk-pajamas.com\/22-momme-double-layer-mulberry-silk-scrunchie-one-size-blush\/"},"modified":"2026-05-08T02:57:02","modified_gmt":"2026-05-08T02:57:02","slug":"22-momme-double-layer-mulberry-silk-scrunchie-one-size-blush","status":"publish","type":"product","link":"https:\/\/silk-pajamas.com\/de\/22-momme-double-layer-mulberry-silk-scrunchie-one-size-blush\/","title":{"rendered":"22 Momme Double Layer Mulberry Silk Scrunchie eine Gr\u00f6\u00dfe Blush"},"content":{"rendered":"<p>Dieses Haargummi ist aus 22 momme doppellagiger Seide in einem err\u00f6tenden Ton gefertigt. Es zeichnet sich durch \u00dcbergr\u00f6\u00dfe, ein weiches Handgef\u00fchl und einen bequemen Fall f\u00fcr Frauen aus. Der Stil unterst\u00fctzt die Gr\u00f6\u00dfe One Size und eignet sich gut f\u00fcr den Fr\u00fchling, als Geschenk und f\u00fcr den t\u00e4glichen Komfort. Kalt von Hand waschen und flach hinlegen.<\/p>","protected":false},"excerpt":{"rendered":"<p>22 Momme Double Layer Seiden-Haargummi in Blush. \u00dcbergro\u00dfes Finish, atmungsaktives Gef\u00fchl und Gr\u00f6\u00dfenbereich One Size. Entworfen f\u00fcr Frauen.<\/p>","protected":false},"featured_media":1975,"template":"","meta":{"_gspb_post_css":""},"product_brand":[],"product_cat":[36],"product_tag":[553,554,555],"class_list":{"0":"post-770","1":"product","2":"type-product","3":"status-publish","4":"has-post-thumbnail","6":"product_cat-silk-scrunchies","7":"product_tag-22-momme-silk-scrunchie-blush","8":"product_tag-double-layer-silk-scrunchie-oversized","9":"product_tag-vendor-silk-scrunchie-for-women","11":"first","12":"instock","13":"shipping-taxable","14":"purchasable","15":"product-type-simple"},"_links":{"self":[{"href":"https:\/\/silk-pajamas.com\/de\/wp-json\/wp\/v2\/product\/770","targetHints":{"allow":["GET"]}}],"collection":[{"href":"https:\/\/silk-pajamas.com\/de\/wp-json\/wp\/v2\/product"}],"about":[{"href":"https:\/\/silk-pajamas.com\/de\/wp-json\/wp\/v2\/types\/product"}],"wp:featuredmedia":[{"embeddable":true,"href":"https:\/\/silk-pajamas.com\/de\/wp-json\/wp\/v2\/media\/1975"}],"wp:attachment":[{"href":"https:\/\/silk-pajamas.com\/de\/wp-json\/wp\/v2\/media?parent=770"}],"wp:term":[{"taxonomy":"product_brand","embeddable":true,"href":"https:\/\/silk-pajamas.com\/de\/wp-json\/wp\/v2\/product_brand?post=770"},{"taxonomy":"product_cat","embeddable":true,"href":"https:\/\/silk-pajamas.com\/de\/wp-json\/wp\/v2\/product_cat?post=770"},{"taxonomy":"product_tag","embeddable":true,"href":"https:\/\/silk-pajamas.com\/de\/wp-json\/wp\/v2\/product_tag?post=770"}],"curies":[{"name":"wp","href":"https:\/\/api.w.org\/{rel}","templated":true}]}}