{"id":772,"date":"2026-04-12T15:43:27","date_gmt":"2026-04-12T15:43:27","guid":{"rendered":"https:\/\/silk-pajamas.com\/25-momme-soft-shine-mulberry-silk-scrunchie-gift-box-navy\/"},"modified":"2026-05-06T08:26:50","modified_gmt":"2026-05-06T08:26:50","slug":"25-momme-soft-shine-mulberry-silk-scrunchie-gift-box-navy","status":"publish","type":"product","link":"https:\/\/silk-pajamas.com\/de\/25-momme-soft-shine-mulberry-silk-scrunchie-gift-box-navy\/","title":{"rendered":"25 Momme Soft Shine Mulberry Silk Scrunchie Geschenkbox Navy"},"content":{"rendered":"<p>Dieses Haargummi aus 25 momme weicher, gl\u00e4nzender Seide bietet Thermoregulierung, sanftes Hautgef\u00fchl und elegante Bewegung. Die Geschenkbox und die marineblaue Farbe halten den Look f\u00fcr die Pflege von langem Haar aufrecht. Erh\u00e4ltlich in 7 cm. Kalt von Hand waschen und flach hinlegen.<\/p>","protected":false},"excerpt":{"rendered":"<p>25 Momme Soft Shine Seidenhaargummi in Navy. Geschenkbox, thermoregulierendes Gef\u00fchl und 7 cm Gr\u00f6\u00dfe. Entworfen f\u00fcr die Pflege von langem Haar.<\/p>","protected":false},"featured_media":1911,"template":"","meta":{"_gspb_post_css":""},"product_brand":[],"product_cat":[36],"product_tag":[558,537,559],"class_list":{"0":"post-772","1":"product","2":"type-product","3":"status-publish","4":"has-post-thumbnail","6":"product_cat-silk-scrunchies","7":"product_tag-25-momme-silk-scrunchie-navy","8":"product_tag-soft-shine-silk-scrunchie-gift-box","9":"product_tag-wholesale-silk-scrunchie-for-long-hair-care","11":"first","12":"instock","13":"shipping-taxable","14":"purchasable","15":"product-type-simple"},"_links":{"self":[{"href":"https:\/\/silk-pajamas.com\/de\/wp-json\/wp\/v2\/product\/772","targetHints":{"allow":["GET"]}}],"collection":[{"href":"https:\/\/silk-pajamas.com\/de\/wp-json\/wp\/v2\/product"}],"about":[{"href":"https:\/\/silk-pajamas.com\/de\/wp-json\/wp\/v2\/types\/product"}],"wp:featuredmedia":[{"embeddable":true,"href":"https:\/\/silk-pajamas.com\/de\/wp-json\/wp\/v2\/media\/1911"}],"wp:attachment":[{"href":"https:\/\/silk-pajamas.com\/de\/wp-json\/wp\/v2\/media?parent=772"}],"wp:term":[{"taxonomy":"product_brand","embeddable":true,"href":"https:\/\/silk-pajamas.com\/de\/wp-json\/wp\/v2\/product_brand?post=772"},{"taxonomy":"product_cat","embeddable":true,"href":"https:\/\/silk-pajamas.com\/de\/wp-json\/wp\/v2\/product_cat?post=772"},{"taxonomy":"product_tag","embeddable":true,"href":"https:\/\/silk-pajamas.com\/de\/wp-json\/wp\/v2\/product_tag?post=772"}],"curies":[{"name":"wp","href":"https:\/\/api.w.org\/{rel}","templated":true}]}}