{"id":773,"date":"2026-04-12T15:43:27","date_gmt":"2026-04-12T15:43:27","guid":{"rendered":"https:\/\/silk-pajamas.com\/19-momme-double-layer-silk-scrunchie-gift-box-sage\/"},"modified":"2026-05-06T08:55:28","modified_gmt":"2026-05-06T08:55:28","slug":"19-momme-double-layer-silk-scrunchie-gift-box-sage","status":"publish","type":"product","link":"https:\/\/silk-pajamas.com\/de\/19-momme-double-layer-silk-scrunchie-gift-box-sage\/","title":{"rendered":"19 Momme Double Layer Silk Scrunchie Geschenkbox Salbei"},"content":{"rendered":"<p>Dieses Haargummi ist aus 19 momme doppellagiger Seide in einem Salbeiton gefertigt. Es ist in einem Geschenkkarton verpackt, f\u00fchlt sich angenehm an und l\u00e4sst sich gut als Geschenk verpacken. Das Haargummi ist in der Gr\u00f6\u00dfe One Size erh\u00e4ltlich und eignet sich gut f\u00fcr den Herbst, als Geschenk und f\u00fcr den t\u00e4glichen Komfort. Kalt von Hand waschen und flach hinlegen.<\/p>","protected":false},"excerpt":{"rendered":"<p>19 Momme Double Layer Haargummi aus Seide in Salbei. Geschenkbox, weicher Fall und Gr\u00f6\u00dfenbereich One Size. Entworfen f\u00fcr Geschenksortimente.<\/p>","protected":false},"featured_media":1849,"template":"","meta":{"_gspb_post_css":""},"product_brand":[],"product_cat":[36],"product_tag":[560,561,540],"class_list":{"0":"post-773","1":"product","2":"type-product","3":"status-publish","4":"has-post-thumbnail","6":"product_cat-silk-scrunchies","7":"product_tag-19-momme-silk-scrunchie-sage","8":"product_tag-double-layer-silk-scrunchie-gift-box","9":"product_tag-supplier-silk-scrunchie-for-gift-assortments","11":"first","12":"instock","13":"shipping-taxable","14":"purchasable","15":"product-type-simple"},"_links":{"self":[{"href":"https:\/\/silk-pajamas.com\/de\/wp-json\/wp\/v2\/product\/773","targetHints":{"allow":["GET"]}}],"collection":[{"href":"https:\/\/silk-pajamas.com\/de\/wp-json\/wp\/v2\/product"}],"about":[{"href":"https:\/\/silk-pajamas.com\/de\/wp-json\/wp\/v2\/types\/product"}],"wp:featuredmedia":[{"embeddable":true,"href":"https:\/\/silk-pajamas.com\/de\/wp-json\/wp\/v2\/media\/1849"}],"wp:attachment":[{"href":"https:\/\/silk-pajamas.com\/de\/wp-json\/wp\/v2\/media?parent=773"}],"wp:term":[{"taxonomy":"product_brand","embeddable":true,"href":"https:\/\/silk-pajamas.com\/de\/wp-json\/wp\/v2\/product_brand?post=773"},{"taxonomy":"product_cat","embeddable":true,"href":"https:\/\/silk-pajamas.com\/de\/wp-json\/wp\/v2\/product_cat?post=773"},{"taxonomy":"product_tag","embeddable":true,"href":"https:\/\/silk-pajamas.com\/de\/wp-json\/wp\/v2\/product_tag?post=773"}],"curies":[{"name":"wp","href":"https:\/\/api.w.org\/{rel}","templated":true}]}}