{"id":778,"date":"2026-04-12T15:43:27","date_gmt":"2026-04-12T15:43:27","guid":{"rendered":"https:\/\/silk-pajamas.com\/19-momme-charmeuse-silk-scrunchie-seamless-coffee\/"},"modified":"2026-05-06T09:13:45","modified_gmt":"2026-05-06T09:13:45","slug":"19-momme-charmeuse-silk-scrunchie-seamless-coffee","status":"publish","type":"product","link":"https:\/\/silk-pajamas.com\/de\/19-momme-charmeuse-silk-scrunchie-seamless-coffee\/","title":{"rendered":"19 Momme Charmeuse Seiden-Haargummi Nahtlos Kaffee"},"content":{"rendered":"<p>Dieses Haargummi aus 19 Momme-Charmeuse-Seide kombiniert nahtlose Details mit einem sanften Glanz und einem atmungsaktiven Gef\u00fchl. Das Kaffee-Finish verleiht ihm einen raffinierten Look, w\u00e4hrend die Gr\u00f6\u00dfe von 3,5 cm dazu beitr\u00e4gt, den Kernbedarf zu decken. Geeignet f\u00fcr Geschenksortimente und die Garderobe der ganzen Saison. Kalt von Hand waschen und flach hinlegen.<\/p>","protected":false},"excerpt":{"rendered":"<p>19 Momme Charmeuse Haargummi aus Seide in Coffee. Nahtlose Verarbeitung, leichtes Tragegef\u00fchl und eine Gr\u00f6\u00dfe von 3,5 cm. Entworfen f\u00fcr Geschenksortimente.<\/p>","protected":false},"featured_media":1924,"template":"","meta":{"_gspb_post_css":""},"product_brand":[],"product_cat":[36],"product_tag":[570,542,571],"class_list":{"0":"post-778","1":"product","2":"type-product","3":"status-publish","4":"has-post-thumbnail","6":"product_cat-silk-scrunchies","7":"product_tag-19-momme-silk-scrunchie-coffee","8":"product_tag-charmeuse-silk-scrunchie-seamless","9":"product_tag-vendor-silk-scrunchie-for-gift-assortments","11":"first","12":"instock","13":"shipping-taxable","14":"purchasable","15":"product-type-simple"},"_links":{"self":[{"href":"https:\/\/silk-pajamas.com\/de\/wp-json\/wp\/v2\/product\/778","targetHints":{"allow":["GET"]}}],"collection":[{"href":"https:\/\/silk-pajamas.com\/de\/wp-json\/wp\/v2\/product"}],"about":[{"href":"https:\/\/silk-pajamas.com\/de\/wp-json\/wp\/v2\/types\/product"}],"wp:featuredmedia":[{"embeddable":true,"href":"https:\/\/silk-pajamas.com\/de\/wp-json\/wp\/v2\/media\/1924"}],"wp:attachment":[{"href":"https:\/\/silk-pajamas.com\/de\/wp-json\/wp\/v2\/media?parent=778"}],"wp:term":[{"taxonomy":"product_brand","embeddable":true,"href":"https:\/\/silk-pajamas.com\/de\/wp-json\/wp\/v2\/product_brand?post=778"},{"taxonomy":"product_cat","embeddable":true,"href":"https:\/\/silk-pajamas.com\/de\/wp-json\/wp\/v2\/product_cat?post=778"},{"taxonomy":"product_tag","embeddable":true,"href":"https:\/\/silk-pajamas.com\/de\/wp-json\/wp\/v2\/product_tag?post=778"}],"curies":[{"name":"wp","href":"https:\/\/api.w.org\/{rel}","templated":true}]}}