{"id":780,"date":"2026-04-12T15:43:27","date_gmt":"2026-04-12T15:43:27","guid":{"rendered":"https:\/\/silk-pajamas.com\/25-momme-mulberry-silk-scrunchie-seamless-lilac-wholesale\/"},"modified":"2026-05-06T09:24:43","modified_gmt":"2026-05-06T09:24:43","slug":"25-momme-mulberry-silk-scrunchie-seamless-lilac-wholesale","status":"publish","type":"product","link":"https:\/\/silk-pajamas.com\/de\/25-momme-mulberry-silk-scrunchie-seamless-lilac-wholesale\/","title":{"rendered":"25 Momme Mulberry Silk Scrunchie Nahtlos Flieder Gro\u00dfhandel"},"content":{"rendered":"<p>Dieses Haargummi aus 25 momme Maulbeerseide bietet ein leichtes, sanftes Hautgef\u00fchl und elegante Bewegung. Die nahtlose Konstruktion und die fliederfarbene Farbe sorgen f\u00fcr einen eleganten Look bei der Pflege von langem Haar. Erh\u00e4ltlich in 3,5 cm. Kalt von Hand waschen und flach hinlegen.<\/p>","protected":false},"excerpt":{"rendered":"<p>25 Momme Mulberry Seiden-Haargummi in Flieder. Nahtlose Verarbeitung, leichtes Tragegef\u00fchl und eine Gr\u00f6\u00dfe von 3,5 cm. Entworfen f\u00fcr die Pflege von langem Haar.<\/p>","protected":false},"featured_media":1935,"template":"","meta":{"_gspb_post_css":""},"product_brand":[],"product_cat":[36],"product_tag":[573,565,569],"class_list":{"0":"post-780","1":"product","2":"type-product","3":"status-publish","4":"has-post-thumbnail","6":"product_cat-silk-scrunchies","7":"product_tag-25-momme-silk-scrunchie-lilac","8":"product_tag-mulberry-silk-scrunchie-seamless","9":"product_tag-supplier-silk-scrunchie-for-long-hair-care","11":"first","12":"instock","13":"shipping-taxable","14":"purchasable","15":"product-type-simple"},"_links":{"self":[{"href":"https:\/\/silk-pajamas.com\/de\/wp-json\/wp\/v2\/product\/780","targetHints":{"allow":["GET"]}}],"collection":[{"href":"https:\/\/silk-pajamas.com\/de\/wp-json\/wp\/v2\/product"}],"about":[{"href":"https:\/\/silk-pajamas.com\/de\/wp-json\/wp\/v2\/types\/product"}],"wp:featuredmedia":[{"embeddable":true,"href":"https:\/\/silk-pajamas.com\/de\/wp-json\/wp\/v2\/media\/1935"}],"wp:attachment":[{"href":"https:\/\/silk-pajamas.com\/de\/wp-json\/wp\/v2\/media?parent=780"}],"wp:term":[{"taxonomy":"product_brand","embeddable":true,"href":"https:\/\/silk-pajamas.com\/de\/wp-json\/wp\/v2\/product_brand?post=780"},{"taxonomy":"product_cat","embeddable":true,"href":"https:\/\/silk-pajamas.com\/de\/wp-json\/wp\/v2\/product_cat?post=780"},{"taxonomy":"product_tag","embeddable":true,"href":"https:\/\/silk-pajamas.com\/de\/wp-json\/wp\/v2\/product_tag?post=780"}],"curies":[{"name":"wp","href":"https:\/\/api.w.org\/{rel}","templated":true}]}}