{"id":782,"date":"2026-04-12T15:43:28","date_gmt":"2026-04-12T15:43:28","guid":{"rendered":"https:\/\/silk-pajamas.com\/25-momme-double-layer-mulberry-silk-scrunchie-oversized-sage\/"},"modified":"2026-05-06T07:41:49","modified_gmt":"2026-05-06T07:41:49","slug":"25-momme-double-layer-mulberry-silk-scrunchie-oversized-sage","status":"publish","type":"product","link":"https:\/\/silk-pajamas.com\/de\/25-momme-double-layer-mulberry-silk-scrunchie-oversized-sage\/","title":{"rendered":"25 Momme Double Layer Mulberry Silk Scrunchie Oversized Salbei"},"content":{"rendered":"<p>Dieses Haargummi aus doppellagiger Seide mit 25 Momme ist w\u00e4rmeregulierend, f\u00fchlt sich sanft auf der Haut an und l\u00e4sst sich elegant bewegen. Die \u00fcbergro\u00dfe Konstruktion und die Farbe Salbei sorgen f\u00fcr einen eleganten Look f\u00fcr Frauen. Erh\u00e4ltlich in 7 cm. Kalt von Hand waschen und flach hinlegen.<\/p>","protected":false},"excerpt":{"rendered":"<p>25 Momme Double Layer Seiden-Haargummi in Salbei. \u00dcbergro\u00dfes Finish, thermoregulierendes Gef\u00fchl und Gr\u00f6\u00dfenbereich 7 cm. Entworfen f\u00fcr Frauen.<\/p>","protected":false},"featured_media":1849,"template":"","meta":{"_gspb_post_css":""},"product_brand":[],"product_cat":[36],"product_tag":[577,554,563],"class_list":{"0":"post-782","1":"product","2":"type-product","3":"status-publish","4":"has-post-thumbnail","6":"product_cat-silk-scrunchies","7":"product_tag-25-momme-silk-scrunchie-sage","8":"product_tag-double-layer-silk-scrunchie-oversized","9":"product_tag-wholesale-silk-scrunchie-for-women","11":"first","12":"instock","13":"shipping-taxable","14":"purchasable","15":"product-type-simple"},"_links":{"self":[{"href":"https:\/\/silk-pajamas.com\/de\/wp-json\/wp\/v2\/product\/782","targetHints":{"allow":["GET"]}}],"collection":[{"href":"https:\/\/silk-pajamas.com\/de\/wp-json\/wp\/v2\/product"}],"about":[{"href":"https:\/\/silk-pajamas.com\/de\/wp-json\/wp\/v2\/types\/product"}],"wp:featuredmedia":[{"embeddable":true,"href":"https:\/\/silk-pajamas.com\/de\/wp-json\/wp\/v2\/media\/1849"}],"wp:attachment":[{"href":"https:\/\/silk-pajamas.com\/de\/wp-json\/wp\/v2\/media?parent=782"}],"wp:term":[{"taxonomy":"product_brand","embeddable":true,"href":"https:\/\/silk-pajamas.com\/de\/wp-json\/wp\/v2\/product_brand?post=782"},{"taxonomy":"product_cat","embeddable":true,"href":"https:\/\/silk-pajamas.com\/de\/wp-json\/wp\/v2\/product_cat?post=782"},{"taxonomy":"product_tag","embeddable":true,"href":"https:\/\/silk-pajamas.com\/de\/wp-json\/wp\/v2\/product_tag?post=782"}],"curies":[{"name":"wp","href":"https:\/\/api.w.org\/{rel}","templated":true}]}}