{"id":783,"date":"2026-04-12T15:43:28","date_gmt":"2026-04-12T15:43:28","guid":{"rendered":"https:\/\/silk-pajamas.com\/22-momme-double-layer-silk-scrunchie-seamless-lilac\/"},"modified":"2026-05-06T07:43:55","modified_gmt":"2026-05-06T07:43:55","slug":"22-momme-double-layer-silk-scrunchie-seamless-lilac","status":"publish","type":"product","link":"https:\/\/silk-pajamas.com\/de\/22-momme-double-layer-silk-scrunchie-seamless-lilac\/","title":{"rendered":"22 Momme Double Layer Silk Scrunchie Nahtlos Flieder"},"content":{"rendered":"<p>Dieses Haargummi aus doppellagiger 22-Momme-Seide ist leicht, f\u00fchlt sich angenehm auf der Haut an und l\u00e4sst sich elegant bewegen. Die nahtlose Konstruktion und die fliederfarbene Farbe sorgen f\u00fcr einen eleganten Look bei Teenagern. Erh\u00e4ltlich in Einheitsgr\u00f6\u00dfe. Kalt von Hand waschen und flach hinlegen.<\/p>","protected":false},"excerpt":{"rendered":"<p>22 Momme Double Layer Seiden-Haargummi in Flieder. Nahtlose Verarbeitung, leichtes Tragegef\u00fchl und Gr\u00f6\u00dfenauswahl One Size. Entworfen f\u00fcr Teenager.<\/p>","protected":false},"featured_media":1854,"template":"","meta":{"_gspb_post_css":""},"product_brand":[],"product_cat":[36],"product_tag":[578,548,566],"class_list":{"0":"post-783","1":"product","2":"type-product","3":"status-publish","4":"has-post-thumbnail","6":"product_cat-silk-scrunchies","7":"product_tag-22-momme-silk-scrunchie-lilac","8":"product_tag-double-layer-silk-scrunchie-seamless","9":"product_tag-supplier-silk-scrunchie-for-teens","11":"first","12":"instock","13":"shipping-taxable","14":"purchasable","15":"product-type-simple"},"_links":{"self":[{"href":"https:\/\/silk-pajamas.com\/de\/wp-json\/wp\/v2\/product\/783","targetHints":{"allow":["GET"]}}],"collection":[{"href":"https:\/\/silk-pajamas.com\/de\/wp-json\/wp\/v2\/product"}],"about":[{"href":"https:\/\/silk-pajamas.com\/de\/wp-json\/wp\/v2\/types\/product"}],"wp:featuredmedia":[{"embeddable":true,"href":"https:\/\/silk-pajamas.com\/de\/wp-json\/wp\/v2\/media\/1854"}],"wp:attachment":[{"href":"https:\/\/silk-pajamas.com\/de\/wp-json\/wp\/v2\/media?parent=783"}],"wp:term":[{"taxonomy":"product_brand","embeddable":true,"href":"https:\/\/silk-pajamas.com\/de\/wp-json\/wp\/v2\/product_brand?post=783"},{"taxonomy":"product_cat","embeddable":true,"href":"https:\/\/silk-pajamas.com\/de\/wp-json\/wp\/v2\/product_cat?post=783"},{"taxonomy":"product_tag","embeddable":true,"href":"https:\/\/silk-pajamas.com\/de\/wp-json\/wp\/v2\/product_tag?post=783"}],"curies":[{"name":"wp","href":"https:\/\/api.w.org\/{rel}","templated":true}]}}