{"id":784,"date":"2026-04-12T15:43:28","date_gmt":"2026-04-12T15:43:28","guid":{"rendered":"https:\/\/silk-pajamas.com\/19-momme-soft-shine-mulberry-silk-scrunchie-ruffled-rose\/"},"modified":"2026-05-06T07:45:50","modified_gmt":"2026-05-06T07:45:50","slug":"19-momme-soft-shine-mulberry-silk-scrunchie-ruffled-rose","status":"publish","type":"product","link":"https:\/\/silk-pajamas.com\/de\/19-momme-soft-shine-mulberry-silk-scrunchie-ruffled-rose\/","title":{"rendered":"19 Momme Soft Shine Mulberry Silk Scrunchie Ruffled Rose"},"content":{"rendered":"<p>Dieses Haargummi aus 19 momme weicher, gl\u00e4nzender Seide kombiniert gekr\u00e4uselte Details mit einem weichen Glanz und einem atmungsaktiven Gef\u00fchl. Das rosafarbene Finish verleiht ihm einen raffinierten Look, w\u00e4hrend die Gr\u00f6\u00dfe One Size hilft, den Kernbedarf zu decken. Geeignet f\u00fcr die Damen- und Herbstgarderobe. Kalt von Hand waschen und flach hinlegen.<\/p>","protected":false},"excerpt":{"rendered":"<p>19 Momme Soft Shine Seiden-Haargummi in Rose. Ger\u00fcschtes Finish, weicher Faltenwurf und Gr\u00f6\u00dfenbereich One Size. Entworfen f\u00fcr Frauen.<\/p>","protected":false},"featured_media":1860,"template":"","meta":{"_gspb_post_css":""},"product_brand":[],"product_cat":[36],"product_tag":[579,580,555],"class_list":{"0":"post-784","1":"product","2":"type-product","3":"status-publish","4":"has-post-thumbnail","6":"product_cat-silk-scrunchies","7":"product_tag-19-momme-silk-scrunchie-rose","8":"product_tag-soft-shine-silk-scrunchie-ruffled","9":"product_tag-vendor-silk-scrunchie-for-women","11":"first","12":"instock","13":"featured","14":"shipping-taxable","15":"purchasable","16":"product-type-simple"},"_links":{"self":[{"href":"https:\/\/silk-pajamas.com\/de\/wp-json\/wp\/v2\/product\/784","targetHints":{"allow":["GET"]}}],"collection":[{"href":"https:\/\/silk-pajamas.com\/de\/wp-json\/wp\/v2\/product"}],"about":[{"href":"https:\/\/silk-pajamas.com\/de\/wp-json\/wp\/v2\/types\/product"}],"wp:featuredmedia":[{"embeddable":true,"href":"https:\/\/silk-pajamas.com\/de\/wp-json\/wp\/v2\/media\/1860"}],"wp:attachment":[{"href":"https:\/\/silk-pajamas.com\/de\/wp-json\/wp\/v2\/media?parent=784"}],"wp:term":[{"taxonomy":"product_brand","embeddable":true,"href":"https:\/\/silk-pajamas.com\/de\/wp-json\/wp\/v2\/product_brand?post=784"},{"taxonomy":"product_cat","embeddable":true,"href":"https:\/\/silk-pajamas.com\/de\/wp-json\/wp\/v2\/product_cat?post=784"},{"taxonomy":"product_tag","embeddable":true,"href":"https:\/\/silk-pajamas.com\/de\/wp-json\/wp\/v2\/product_tag?post=784"}],"curies":[{"name":"wp","href":"https:\/\/api.w.org\/{rel}","templated":true}]}}