{"id":790,"date":"2026-04-12T15:43:28","date_gmt":"2026-04-12T15:43:28","guid":{"rendered":"https:\/\/silk-pajamas.com\/19-momme-crepe-silk-cami-top-adjustable-strap-navy\/"},"modified":"2026-05-06T08:07:00","modified_gmt":"2026-05-06T08:07:00","slug":"19-momme-crepe-silk-cami-top-adjustable-strap-navy","status":"publish","type":"product","link":"https:\/\/silk-pajamas.com\/de\/19-momme-crepe-silk-cami-top-adjustable-strap-navy\/","title":{"rendered":"19 Momme Cr\u00eape Seiden-Cami-Top Verstellbarer Tr\u00e4ger Navy"},"content":{"rendered":"<p>Dieses Cami-Top ist aus 19 Momme-Cr\u00eape-Seide in einem navyfarbenen Ton gefertigt. Es verf\u00fcgt \u00fcber verstellbare Tr\u00e4ger, ein glattes Handgef\u00fchl und einen bequemen Fall f\u00fcr Frauen. Das Modell ist in den Gr\u00f6\u00dfen XS, S, M, L und XL erh\u00e4ltlich und eignet sich f\u00fcr den Sommer, zum Verschenken und f\u00fcr den t\u00e4glichen Komfort. Handw\u00e4sche kalt oder im Schonwaschgang.<\/p>","protected":false},"excerpt":{"rendered":"<p>19 Momme Crepe Seiden-Cami-Top in Navy. Mit verstellbaren Tr\u00e4gern, weichem Griff und Gr\u00f6\u00dfen XS, S, M, L, XL. Entworfen f\u00fcr Frauen.<\/p>","protected":false},"featured_media":1888,"template":"","meta":{"_gspb_post_css":""},"product_brand":[],"product_cat":[30],"product_tag":[591,589,592],"class_list":{"0":"post-790","1":"product","2":"type-product","3":"status-publish","4":"has-post-thumbnail","6":"product_cat-silk-cami-tank-top","7":"product_tag-19-momme-silk-cami-top-navy","8":"product_tag-crepe-silk-cami-top-adjustable-strap","9":"product_tag-vendor-silk-cami-top-for-women","11":"first","12":"instock","13":"shipping-taxable","14":"purchasable","15":"product-type-simple"},"_links":{"self":[{"href":"https:\/\/silk-pajamas.com\/de\/wp-json\/wp\/v2\/product\/790","targetHints":{"allow":["GET"]}}],"collection":[{"href":"https:\/\/silk-pajamas.com\/de\/wp-json\/wp\/v2\/product"}],"about":[{"href":"https:\/\/silk-pajamas.com\/de\/wp-json\/wp\/v2\/types\/product"}],"wp:featuredmedia":[{"embeddable":true,"href":"https:\/\/silk-pajamas.com\/de\/wp-json\/wp\/v2\/media\/1888"}],"wp:attachment":[{"href":"https:\/\/silk-pajamas.com\/de\/wp-json\/wp\/v2\/media?parent=790"}],"wp:term":[{"taxonomy":"product_brand","embeddable":true,"href":"https:\/\/silk-pajamas.com\/de\/wp-json\/wp\/v2\/product_brand?post=790"},{"taxonomy":"product_cat","embeddable":true,"href":"https:\/\/silk-pajamas.com\/de\/wp-json\/wp\/v2\/product_cat?post=790"},{"taxonomy":"product_tag","embeddable":true,"href":"https:\/\/silk-pajamas.com\/de\/wp-json\/wp\/v2\/product_tag?post=790"}],"curies":[{"name":"wp","href":"https:\/\/api.w.org\/{rel}","templated":true}]}}