{"id":795,"date":"2026-04-12T15:43:29","date_gmt":"2026-04-12T15:43:29","guid":{"rendered":"https:\/\/silk-pajamas.com\/16-momme-crepe-silk-cami-top-bias-cut-coffee-vendor\/"},"modified":"2026-05-06T07:15:07","modified_gmt":"2026-05-06T07:15:07","slug":"16-momme-crepe-silk-cami-top-bias-cut-coffee-vendor","status":"publish","type":"product","link":"https:\/\/silk-pajamas.com\/de\/16-momme-crepe-silk-cami-top-bias-cut-coffee-vendor\/","title":{"rendered":"16 Momme Cr\u00eape Seiden-Cami-Top Bias Cut Kaffee Verk\u00e4ufer"},"content":{"rendered":"<p>Dieses Cami-Top ist aus 16 Momme-Cr\u00eape-Seide in einem Kaffeeton gefertigt. Es ist schr\u00e4g geschnitten, f\u00fchlt sich weich an und l\u00e4sst sich bequem \u00fcbereinander tragen. Das Modell ist in den Gr\u00f6\u00dfen XS, S, M, L und XL erh\u00e4ltlich und eignet sich gut f\u00fcr den Herbst, zum Verschenken und f\u00fcr den t\u00e4glichen Komfort. Kalt von Hand waschen oder im Schonwaschgang.<\/p>","protected":false},"excerpt":{"rendered":"<p>16 Momme Crepe Seiden-Cami-Top in Coffee. Bias Cut Verarbeitung, thermoregulierendes Gef\u00fchl und Gr\u00f6\u00dfenauswahl XS, S, M, L, XL. Entworfen f\u00fcr Lagenlooks.<\/p>","protected":false},"featured_media":1830,"template":"","meta":{"_gspb_post_css":""},"product_brand":[],"product_cat":[30],"product_tag":[605,606,607],"class_list":{"0":"post-795","1":"product","2":"type-product","3":"status-publish","4":"has-post-thumbnail","6":"product_cat-silk-cami-tank-top","7":"product_tag-16-momme-silk-cami-top-coffee","8":"product_tag-crepe-silk-cami-top-bias-cut","9":"product_tag-wholesale-silk-cami-top-for-layering-looks","11":"first","12":"instock","13":"shipping-taxable","14":"purchasable","15":"product-type-simple"},"_links":{"self":[{"href":"https:\/\/silk-pajamas.com\/de\/wp-json\/wp\/v2\/product\/795","targetHints":{"allow":["GET"]}}],"collection":[{"href":"https:\/\/silk-pajamas.com\/de\/wp-json\/wp\/v2\/product"}],"about":[{"href":"https:\/\/silk-pajamas.com\/de\/wp-json\/wp\/v2\/types\/product"}],"wp:featuredmedia":[{"embeddable":true,"href":"https:\/\/silk-pajamas.com\/de\/wp-json\/wp\/v2\/media\/1830"}],"wp:attachment":[{"href":"https:\/\/silk-pajamas.com\/de\/wp-json\/wp\/v2\/media?parent=795"}],"wp:term":[{"taxonomy":"product_brand","embeddable":true,"href":"https:\/\/silk-pajamas.com\/de\/wp-json\/wp\/v2\/product_brand?post=795"},{"taxonomy":"product_cat","embeddable":true,"href":"https:\/\/silk-pajamas.com\/de\/wp-json\/wp\/v2\/product_cat?post=795"},{"taxonomy":"product_tag","embeddable":true,"href":"https:\/\/silk-pajamas.com\/de\/wp-json\/wp\/v2\/product_tag?post=795"}],"curies":[{"name":"wp","href":"https:\/\/api.w.org\/{rel}","templated":true}]}}