{"id":796,"date":"2026-04-12T15:43:29","date_gmt":"2026-04-12T15:43:29","guid":{"rendered":"https:\/\/silk-pajamas.com\/22-momme-sandwashed-silk-cami-tank-rib-trim-blush\/"},"modified":"2026-05-06T07:17:14","modified_gmt":"2026-05-06T07:17:14","slug":"22-momme-sandwashed-silk-cami-tank-rib-trim-blush","status":"publish","type":"product","link":"https:\/\/silk-pajamas.com\/de\/22-momme-sandwashed-silk-cami-tank-rib-trim-blush\/","title":{"rendered":"22 Momme Sandwich Seide Cami Tank Rippe trimmen Blush"},"content":{"rendered":"<p>Dieses Cami-Oberteil aus 22 Momme-Sandwich-Seide kombiniert Rippstrick-Details mit einem weichen Glanz und einem atmungsaktiven Tragegef\u00fchl. Die err\u00f6tete Oberfl\u00e4che verleiht ihm einen raffinierten Look, w\u00e4hrend die Gr\u00f6\u00dfen XL, XXL, 3XL und 4XL helfen, den Kernbedarf zu decken. Geeignet f\u00fcr Frauen und f\u00fcr die gesamte Saisongarderobe. Kalt von Hand waschen oder im Schonwaschgang.<\/p>","protected":false},"excerpt":{"rendered":"<p>22 Momme Sandwashed Seiden-Cami-Top in Blush. Rippstrickverarbeitung, thermoregulierendes Tragegef\u00fchl und Gr\u00f6\u00dfenauswahl XL, XXL, 3XL, 4XL. Entworfen f\u00fcr Frauen.<\/p>","protected":false},"featured_media":1834,"template":"","meta":{"_gspb_post_css":""},"product_brand":[],"product_cat":[30],"product_tag":[608,595,609],"class_list":{"0":"post-796","1":"product","2":"type-product","3":"status-publish","4":"has-post-thumbnail","6":"product_cat-silk-cami-tank-top","7":"product_tag-22-momme-silk-cami-top-blush","8":"product_tag-factory-silk-cami-top-for-women","9":"product_tag-sandwashed-silk-cami-top-rib-trim","11":"first","12":"instock","13":"shipping-taxable","14":"purchasable","15":"product-type-simple"},"_links":{"self":[{"href":"https:\/\/silk-pajamas.com\/de\/wp-json\/wp\/v2\/product\/796","targetHints":{"allow":["GET"]}}],"collection":[{"href":"https:\/\/silk-pajamas.com\/de\/wp-json\/wp\/v2\/product"}],"about":[{"href":"https:\/\/silk-pajamas.com\/de\/wp-json\/wp\/v2\/types\/product"}],"wp:featuredmedia":[{"embeddable":true,"href":"https:\/\/silk-pajamas.com\/de\/wp-json\/wp\/v2\/media\/1834"}],"wp:attachment":[{"href":"https:\/\/silk-pajamas.com\/de\/wp-json\/wp\/v2\/media?parent=796"}],"wp:term":[{"taxonomy":"product_brand","embeddable":true,"href":"https:\/\/silk-pajamas.com\/de\/wp-json\/wp\/v2\/product_brand?post=796"},{"taxonomy":"product_cat","embeddable":true,"href":"https:\/\/silk-pajamas.com\/de\/wp-json\/wp\/v2\/product_cat?post=796"},{"taxonomy":"product_tag","embeddable":true,"href":"https:\/\/silk-pajamas.com\/de\/wp-json\/wp\/v2\/product_tag?post=796"}],"curies":[{"name":"wp","href":"https:\/\/api.w.org\/{rel}","templated":true}]}}