{"id":797,"date":"2026-04-12T15:43:29","date_gmt":"2026-04-12T15:43:29","guid":{"rendered":"https:\/\/silk-pajamas.com\/16-momme-crepe-silk-tank-top-lace-trim-lilac-supplier\/"},"modified":"2026-05-06T07:19:51","modified_gmt":"2026-05-06T07:19:51","slug":"16-momme-crepe-silk-tank-top-lace-trim-lilac-supplier","status":"publish","type":"product","link":"https:\/\/silk-pajamas.com\/de\/16-momme-crepe-silk-tank-top-lace-trim-lilac-supplier\/","title":{"rendered":"16 Momme Krepp-Seiden-Tank-Top Spitzenbesatz fliederfarben Lieferant"},"content":{"rendered":"<p>Dieses Cami-Top aus 16-Momme-Cr\u00eape-Seide ist atmungsaktiv, f\u00fchlt sich angenehm auf der Haut an und bietet elegante Bewegungsfreiheit. Der Spitzenbesatz und die fliederfarbene Farbe sorgen f\u00fcr einen eleganten Look am Urlaubsort. Erh\u00e4ltlich in XS, S, M, L, XL. Kalt von Hand waschen oder im Schonwaschgang.<\/p>","protected":false},"excerpt":{"rendered":"<p>16 Momme Crepe Seiden-Cami-Top in Flieder. Mit Spitzenbesatz, atmungsaktiv und in den Gr\u00f6\u00dfen XS, S, M, L, XL erh\u00e4ltlich. Entworfen f\u00fcr das Resort Dressing.<\/p>","protected":false},"featured_media":1838,"template":"","meta":{"_gspb_post_css":""},"product_brand":[],"product_cat":[30],"product_tag":[610,611,604],"class_list":{"0":"post-797","1":"product","2":"type-product","3":"status-publish","4":"has-post-thumbnail","6":"product_cat-silk-cami-tank-top","7":"product_tag-16-momme-silk-cami-top-lilac","8":"product_tag-crepe-silk-cami-top-lace-trim","9":"product_tag-supplier-silk-cami-top-for-resort-dressing","11":"first","12":"instock","13":"shipping-taxable","14":"purchasable","15":"product-type-simple"},"_links":{"self":[{"href":"https:\/\/silk-pajamas.com\/de\/wp-json\/wp\/v2\/product\/797","targetHints":{"allow":["GET"]}}],"collection":[{"href":"https:\/\/silk-pajamas.com\/de\/wp-json\/wp\/v2\/product"}],"about":[{"href":"https:\/\/silk-pajamas.com\/de\/wp-json\/wp\/v2\/types\/product"}],"wp:featuredmedia":[{"embeddable":true,"href":"https:\/\/silk-pajamas.com\/de\/wp-json\/wp\/v2\/media\/1838"}],"wp:attachment":[{"href":"https:\/\/silk-pajamas.com\/de\/wp-json\/wp\/v2\/media?parent=797"}],"wp:term":[{"taxonomy":"product_brand","embeddable":true,"href":"https:\/\/silk-pajamas.com\/de\/wp-json\/wp\/v2\/product_brand?post=797"},{"taxonomy":"product_cat","embeddable":true,"href":"https:\/\/silk-pajamas.com\/de\/wp-json\/wp\/v2\/product_cat?post=797"},{"taxonomy":"product_tag","embeddable":true,"href":"https:\/\/silk-pajamas.com\/de\/wp-json\/wp\/v2\/product_tag?post=797"}],"curies":[{"name":"wp","href":"https:\/\/api.w.org\/{rel}","templated":true}]}}