{"id":802,"date":"2026-04-12T15:43:30","date_gmt":"2026-04-12T15:43:30","guid":{"rendered":"https:\/\/silk-pajamas.com\/25-momme-mulberry-silk-cami-tank-rib-trim-pearl\/"},"modified":"2026-05-06T06:06:29","modified_gmt":"2026-05-06T06:06:29","slug":"25-momme-mulberry-silk-cami-tank-rib-trim-pearl","status":"publish","type":"product","link":"https:\/\/silk-pajamas.com\/de\/25-momme-mulberry-silk-cami-tank-rib-trim-pearl\/","title":{"rendered":"25 Momme Maulbeerseiden-Cami-Top mit Rippenbesatz Perle"},"content":{"rendered":"<p>Dieses aus 25 momme Maulbeerseide gefertigte Cami-Top kombiniert Rippstrick-Details mit einem weichen Glanz und einem atmungsaktiven Tragegef\u00fchl. Das Perlglanz-Finish verleiht ihm einen raffinierten Look, w\u00e4hrend die Gr\u00f6\u00dfen XL, XXL, 3XL und 4XL helfen, den Kernbedarf zu decken. Geeignet f\u00fcr die Urlaubsgarderobe und die Garderobe der ganzen Saison. Kalt von Hand waschen oder im Schonwaschgang.<\/p>","protected":false},"excerpt":{"rendered":"<p>25 Momme Mulberry Seiden-Cami-Top in Pearl. Rippstrick-Verarbeitung, weicher Fall und Gr\u00f6\u00dfenbereich XL, XXL, 3XL, 4XL. Entworfen f\u00fcr den Urlaubsort Dressing.<\/p>","protected":false},"featured_media":1788,"template":"","meta":{"_gspb_post_css":""},"product_brand":[],"product_cat":[30],"product_tag":[621,623,622],"class_list":{"0":"post-802","1":"product","2":"type-product","3":"status-publish","4":"has-post-thumbnail","6":"product_cat-silk-cami-tank-top","7":"product_tag-25-momme-silk-cami-top-pearl","8":"product_tag-factory-silk-cami-top-for-resort-dressing","9":"product_tag-mulberry-silk-cami-top-rib-trim","11":"first","12":"instock","13":"shipping-taxable","14":"purchasable","15":"product-type-simple"},"_links":{"self":[{"href":"https:\/\/silk-pajamas.com\/de\/wp-json\/wp\/v2\/product\/802","targetHints":{"allow":["GET"]}}],"collection":[{"href":"https:\/\/silk-pajamas.com\/de\/wp-json\/wp\/v2\/product"}],"about":[{"href":"https:\/\/silk-pajamas.com\/de\/wp-json\/wp\/v2\/types\/product"}],"wp:featuredmedia":[{"embeddable":true,"href":"https:\/\/silk-pajamas.com\/de\/wp-json\/wp\/v2\/media\/1788"}],"wp:attachment":[{"href":"https:\/\/silk-pajamas.com\/de\/wp-json\/wp\/v2\/media?parent=802"}],"wp:term":[{"taxonomy":"product_brand","embeddable":true,"href":"https:\/\/silk-pajamas.com\/de\/wp-json\/wp\/v2\/product_brand?post=802"},{"taxonomy":"product_cat","embeddable":true,"href":"https:\/\/silk-pajamas.com\/de\/wp-json\/wp\/v2\/product_cat?post=802"},{"taxonomy":"product_tag","embeddable":true,"href":"https:\/\/silk-pajamas.com\/de\/wp-json\/wp\/v2\/product_tag?post=802"}],"curies":[{"name":"wp","href":"https:\/\/api.w.org\/{rel}","templated":true}]}}