{"id":806,"date":"2026-04-12T15:43:30","date_gmt":"2026-04-12T15:43:30","guid":{"rendered":"https:\/\/silk-pajamas.com\/16-momme-charmeuse-silk-cami-tank-rib-trim-leopard\/"},"modified":"2026-05-06T06:51:29","modified_gmt":"2026-05-06T06:51:29","slug":"16-momme-charmeuse-silk-cami-tank-rib-trim-leopard","status":"publish","type":"product","link":"https:\/\/silk-pajamas.com\/de\/16-momme-charmeuse-silk-cami-tank-rib-trim-leopard\/","title":{"rendered":"16 Momme Charmeuse Seiden-Cami-Tank mit Rippenbesatz Leopard"},"content":{"rendered":"<p>Dieses Cami-Top aus 16 Momme-Charmeuse-Seide ist atmungsaktiv, f\u00fchlt sich angenehm auf der Haut an und bietet elegante Bewegungsfreiheit. Die Rippstrick-Konstruktion und die Leopardenfarbe sorgen f\u00fcr einen raffinierten Lagen-Look. Erh\u00e4ltlich in XS, S, M, L, XL. Kalt von Hand waschen oder im Schonwaschgang.<\/p>","protected":false},"excerpt":{"rendered":"<p>16 Momme Charmeuse Seiden-Cami-Top in Leopard. Mit Rippstrick, atmungsaktiv und in den Gr\u00f6\u00dfen XS, S, M, L, XL erh\u00e4ltlich. Entworfen f\u00fcr Lagenlooks.<\/p>","protected":false},"featured_media":1805,"template":"","meta":{"_gspb_post_css":""},"product_brand":[],"product_cat":[30],"product_tag":[630,631,632],"class_list":{"0":"post-806","1":"product","2":"type-product","3":"status-publish","4":"has-post-thumbnail","6":"product_cat-silk-cami-tank-top","7":"product_tag-16-momme-silk-cami-top-leopard","8":"product_tag-charmeuse-silk-cami-top-rib-trim","9":"product_tag-manufacturer-silk-cami-top-for-layering-looks","11":"first","12":"instock","13":"shipping-taxable","14":"purchasable","15":"product-type-simple"},"_links":{"self":[{"href":"https:\/\/silk-pajamas.com\/de\/wp-json\/wp\/v2\/product\/806","targetHints":{"allow":["GET"]}}],"collection":[{"href":"https:\/\/silk-pajamas.com\/de\/wp-json\/wp\/v2\/product"}],"about":[{"href":"https:\/\/silk-pajamas.com\/de\/wp-json\/wp\/v2\/types\/product"}],"wp:featuredmedia":[{"embeddable":true,"href":"https:\/\/silk-pajamas.com\/de\/wp-json\/wp\/v2\/media\/1805"}],"wp:attachment":[{"href":"https:\/\/silk-pajamas.com\/de\/wp-json\/wp\/v2\/media?parent=806"}],"wp:term":[{"taxonomy":"product_brand","embeddable":true,"href":"https:\/\/silk-pajamas.com\/de\/wp-json\/wp\/v2\/product_brand?post=806"},{"taxonomy":"product_cat","embeddable":true,"href":"https:\/\/silk-pajamas.com\/de\/wp-json\/wp\/v2\/product_cat?post=806"},{"taxonomy":"product_tag","embeddable":true,"href":"https:\/\/silk-pajamas.com\/de\/wp-json\/wp\/v2\/product_tag?post=806"}],"curies":[{"name":"wp","href":"https:\/\/api.w.org\/{rel}","templated":true}]}}