{"id":812,"date":"2026-04-12T15:43:30","date_gmt":"2026-04-12T15:43:30","guid":{"rendered":"https:\/\/silk-pajamas.com\/19-momme-crepe-silk-tank-top-relaxed-fit-black\/"},"modified":"2026-05-06T07:12:49","modified_gmt":"2026-05-06T07:12:49","slug":"19-momme-crepe-silk-tank-top-relaxed-fit-black","status":"publish","type":"product","link":"https:\/\/silk-pajamas.com\/de\/19-momme-crepe-silk-tank-top-relaxed-fit-black\/","title":{"rendered":"19 Momme Krepp-Seiden-Tank-Top Relaxed Fit Schwarz"},"content":{"rendered":"<p>Dieses Cami-Top aus 19-Momme-Cr\u00eape-Seide kombiniert eine entspannte Passform mit einem weichen Glanz und einem atmungsaktiven Tragegef\u00fchl. Das schwarze Finish verleiht ihm einen raffinierten Look, w\u00e4hrend die Gr\u00f6\u00dfen S, M, L, XL, XXL den Kernbedarf abdecken helfen. Geeignet f\u00fcr B\u00fcro-Outfits und die Fr\u00fchlingsgarderobe. Kalt von Hand waschen oder im Schonwaschgang.<\/p>","protected":false},"excerpt":{"rendered":"<p>19 Momme Crepe Seiden-Cami-Top in Schwarz. Relaxed Fit, atmungsaktiv und in den Gr\u00f6\u00dfen S, M, L, XL, XXL erh\u00e4ltlich. Entworfen f\u00fcr B\u00fcro-Outfits.<\/p>","protected":false},"featured_media":1824,"template":"","meta":{"_gspb_post_css":""},"product_brand":[],"product_cat":[30],"product_tag":[641,620,642],"class_list":{"0":"post-812","1":"product","2":"type-product","3":"status-publish","4":"has-post-thumbnail","6":"product_cat-silk-cami-tank-top","7":"product_tag-19-momme-silk-cami-top-black","8":"product_tag-crepe-silk-cami-top-relaxed-fit","9":"product_tag-supplier-silk-cami-top-for-office-outfits","11":"first","12":"instock","13":"shipping-taxable","14":"purchasable","15":"product-type-simple"},"_links":{"self":[{"href":"https:\/\/silk-pajamas.com\/de\/wp-json\/wp\/v2\/product\/812","targetHints":{"allow":["GET"]}}],"collection":[{"href":"https:\/\/silk-pajamas.com\/de\/wp-json\/wp\/v2\/product"}],"about":[{"href":"https:\/\/silk-pajamas.com\/de\/wp-json\/wp\/v2\/types\/product"}],"wp:featuredmedia":[{"embeddable":true,"href":"https:\/\/silk-pajamas.com\/de\/wp-json\/wp\/v2\/media\/1824"}],"wp:attachment":[{"href":"https:\/\/silk-pajamas.com\/de\/wp-json\/wp\/v2\/media?parent=812"}],"wp:term":[{"taxonomy":"product_brand","embeddable":true,"href":"https:\/\/silk-pajamas.com\/de\/wp-json\/wp\/v2\/product_brand?post=812"},{"taxonomy":"product_cat","embeddable":true,"href":"https:\/\/silk-pajamas.com\/de\/wp-json\/wp\/v2\/product_cat?post=812"},{"taxonomy":"product_tag","embeddable":true,"href":"https:\/\/silk-pajamas.com\/de\/wp-json\/wp\/v2\/product_tag?post=812"}],"curies":[{"name":"wp","href":"https:\/\/api.w.org\/{rel}","templated":true}]}}