{"id":814,"date":"2026-04-12T15:43:31","date_gmt":"2026-04-12T15:43:31","guid":{"rendered":"https:\/\/silk-pajamas.com\/19-momme-mulberry-silk-dress-bias-cut-leopard\/"},"modified":"2026-05-06T03:07:40","modified_gmt":"2026-05-06T03:07:40","slug":"19-momme-mulberry-silk-dress-bias-cut-leopard","status":"publish","type":"product","link":"https:\/\/silk-pajamas.com\/de\/19-momme-mulberry-silk-dress-bias-cut-leopard\/","title":{"rendered":"19 Momme Maulbeerseidenkleid Bias Cut Leopard"},"content":{"rendered":"<p>Dieses Seidenkleid aus 19-Momme-Maulbeerseide kombiniert schr\u00e4g geschnittene Details mit weichem Glanz und atmungsaktivem Tragegef\u00fchl. Das Leoparden-Finish verleiht ihm einen raffinierten Look, w\u00e4hrend die Gr\u00f6\u00dfen S, M, L, XL, XXL den Kernbedarf abdecken helfen. Geeignet f\u00fcr Gelegenheitsgarderobe und Fr\u00fchlingsgarderobe. Kalt von Hand waschen oder im Schonwaschgang.<\/p>","protected":false},"excerpt":{"rendered":"<p>19 Momme Mulberry Seidenkleid in Leopard. Bias-Cut-Verarbeitung, weicher Faltenwurf und Gr\u00f6\u00dfenauswahl S, M, L, XL, XXL. Konzipiert f\u00fcr die Abendgarderobe.<\/p>","protected":false},"featured_media":1735,"template":"","meta":{"_gspb_post_css":""},"product_brand":[],"product_cat":[29],"product_tag":[646,647,648],"class_list":{"0":"post-814","1":"product","2":"type-product","3":"status-publish","4":"has-post-thumbnail","6":"product_cat-silk-dresses","7":"product_tag-19-momme-silk-dress-leopard","8":"product_tag-mulberry-silk-dress-bias-cut","9":"product_tag-vendor-silk-dress-for-occasion-dressing","11":"first","12":"instock","13":"shipping-taxable","14":"purchasable","15":"product-type-simple"},"_links":{"self":[{"href":"https:\/\/silk-pajamas.com\/de\/wp-json\/wp\/v2\/product\/814","targetHints":{"allow":["GET"]}}],"collection":[{"href":"https:\/\/silk-pajamas.com\/de\/wp-json\/wp\/v2\/product"}],"about":[{"href":"https:\/\/silk-pajamas.com\/de\/wp-json\/wp\/v2\/types\/product"}],"wp:featuredmedia":[{"embeddable":true,"href":"https:\/\/silk-pajamas.com\/de\/wp-json\/wp\/v2\/media\/1735"}],"wp:attachment":[{"href":"https:\/\/silk-pajamas.com\/de\/wp-json\/wp\/v2\/media?parent=814"}],"wp:term":[{"taxonomy":"product_brand","embeddable":true,"href":"https:\/\/silk-pajamas.com\/de\/wp-json\/wp\/v2\/product_brand?post=814"},{"taxonomy":"product_cat","embeddable":true,"href":"https:\/\/silk-pajamas.com\/de\/wp-json\/wp\/v2\/product_cat?post=814"},{"taxonomy":"product_tag","embeddable":true,"href":"https:\/\/silk-pajamas.com\/de\/wp-json\/wp\/v2\/product_tag?post=814"}],"curies":[{"name":"wp","href":"https:\/\/api.w.org\/{rel}","templated":true}]}}