{"id":815,"date":"2026-04-12T15:43:31","date_gmt":"2026-04-12T15:43:31","guid":{"rendered":"https:\/\/silk-pajamas.com\/25-momme-mulberry-silk-dress-backless-lilac\/"},"modified":"2026-05-06T03:11:00","modified_gmt":"2026-05-06T03:11:00","slug":"25-momme-mulberry-silk-dress-backless-lilac","status":"publish","type":"product","link":"https:\/\/silk-pajamas.com\/de\/25-momme-mulberry-silk-dress-backless-lilac\/","title":{"rendered":"25 Momme Maulbeerseidenkleid R\u00fcckenfrei Flieder"},"content":{"rendered":"<p>Dieses Seidenkleid ist aus 25 momme Maulbeerseide in einem fliederfarbenen Ton gefertigt. Es ist r\u00fcckenfrei, hat ein weiches Handgef\u00fchl und einen bequemen Faltenwurf f\u00fcr Party-Edits. Das Modell ist in den Gr\u00f6\u00dfen S, M, L, XL und XXL erh\u00e4ltlich und eignet sich gut f\u00fcr den Fr\u00fchling, als Geschenk und f\u00fcr den t\u00e4glichen Komfort. Handw\u00e4sche kalt oder im Schonwaschgang.<\/p>","protected":false},"excerpt":{"rendered":"<p>25 Momme Mulberry Seide Seidenkleid in Flieder. R\u00fcckenfrei, knitterfrei und in den Gr\u00f6\u00dfen S, M, L, XL, XXL erh\u00e4ltlich. Entworfen f\u00fcr Party-Edits.<\/p>","protected":false},"featured_media":1739,"template":"","meta":{"_gspb_post_css":""},"product_brand":[],"product_cat":[29],"product_tag":[649,651,650],"class_list":{"0":"post-815","1":"product","2":"type-product","3":"status-publish","4":"has-post-thumbnail","6":"product_cat-silk-dresses","7":"product_tag-25-momme-silk-dress-lilac","8":"product_tag-factory-silk-dress-for-party-edits","9":"product_tag-mulberry-silk-dress-backless","11":"first","12":"instock","13":"shipping-taxable","14":"purchasable","15":"product-type-simple"},"_links":{"self":[{"href":"https:\/\/silk-pajamas.com\/de\/wp-json\/wp\/v2\/product\/815","targetHints":{"allow":["GET"]}}],"collection":[{"href":"https:\/\/silk-pajamas.com\/de\/wp-json\/wp\/v2\/product"}],"about":[{"href":"https:\/\/silk-pajamas.com\/de\/wp-json\/wp\/v2\/types\/product"}],"wp:featuredmedia":[{"embeddable":true,"href":"https:\/\/silk-pajamas.com\/de\/wp-json\/wp\/v2\/media\/1739"}],"wp:attachment":[{"href":"https:\/\/silk-pajamas.com\/de\/wp-json\/wp\/v2\/media?parent=815"}],"wp:term":[{"taxonomy":"product_brand","embeddable":true,"href":"https:\/\/silk-pajamas.com\/de\/wp-json\/wp\/v2\/product_brand?post=815"},{"taxonomy":"product_cat","embeddable":true,"href":"https:\/\/silk-pajamas.com\/de\/wp-json\/wp\/v2\/product_cat?post=815"},{"taxonomy":"product_tag","embeddable":true,"href":"https:\/\/silk-pajamas.com\/de\/wp-json\/wp\/v2\/product_tag?post=815"}],"curies":[{"name":"wp","href":"https:\/\/api.w.org\/{rel}","templated":true}]}}