{"id":816,"date":"2026-04-12T15:43:31","date_gmt":"2026-04-12T15:43:31","guid":{"rendered":"https:\/\/silk-pajamas.com\/19-momme-charmeuse-mulberry-silk-dress-midi-silver\/"},"modified":"2026-05-06T03:30:16","modified_gmt":"2026-05-06T03:30:16","slug":"19-momme-charmeuse-mulberry-silk-dress-midi-silver","status":"publish","type":"product","link":"https:\/\/silk-pajamas.com\/de\/19-momme-charmeuse-mulberry-silk-dress-midi-silver\/","title":{"rendered":"19 Momme Charmeuse Maulbeerseide Midikleid Silber"},"content":{"rendered":"<p>Dieses Seidenkleid ist aus 19 Momme-Charmeuse-Seide in einem Silberton gefertigt. Es hat eine Midi-L\u00e4nge, ein weiches Handgef\u00fchl und einen bequemen Fall f\u00fcr Frauen. Der Stil unterst\u00fctzt die Gr\u00f6\u00dfen S, M, L, XL, XXL und eignet sich gut f\u00fcr Sommerkleidung, Geschenke und t\u00e4glichen Komfort. Handw\u00e4sche kalt oder im Schonwaschgang.<\/p>","protected":false},"excerpt":{"rendered":"<p>19 Momme Charmeuse Seidenkleid in Silber. Midi-Finish, weicher Faltenwurf und Gr\u00f6\u00dfenauswahl S, M, L, XL, XXL. Entworfen f\u00fcr Frauen.<\/p>","protected":false},"featured_media":1743,"template":"","meta":{"_gspb_post_css":""},"product_brand":[],"product_cat":[29],"product_tag":[652,653,654],"class_list":{"0":"post-816","1":"product","2":"type-product","3":"status-publish","4":"has-post-thumbnail","6":"product_cat-silk-dresses","7":"product_tag-19-momme-silk-dress-silver","8":"product_tag-charmeuse-silk-dress-midi","9":"product_tag-supplier-silk-dress-for-women","11":"first","12":"instock","13":"shipping-taxable","14":"purchasable","15":"product-type-simple"},"_links":{"self":[{"href":"https:\/\/silk-pajamas.com\/de\/wp-json\/wp\/v2\/product\/816","targetHints":{"allow":["GET"]}}],"collection":[{"href":"https:\/\/silk-pajamas.com\/de\/wp-json\/wp\/v2\/product"}],"about":[{"href":"https:\/\/silk-pajamas.com\/de\/wp-json\/wp\/v2\/types\/product"}],"wp:featuredmedia":[{"embeddable":true,"href":"https:\/\/silk-pajamas.com\/de\/wp-json\/wp\/v2\/media\/1743"}],"wp:attachment":[{"href":"https:\/\/silk-pajamas.com\/de\/wp-json\/wp\/v2\/media?parent=816"}],"wp:term":[{"taxonomy":"product_brand","embeddable":true,"href":"https:\/\/silk-pajamas.com\/de\/wp-json\/wp\/v2\/product_brand?post=816"},{"taxonomy":"product_cat","embeddable":true,"href":"https:\/\/silk-pajamas.com\/de\/wp-json\/wp\/v2\/product_cat?post=816"},{"taxonomy":"product_tag","embeddable":true,"href":"https:\/\/silk-pajamas.com\/de\/wp-json\/wp\/v2\/product_tag?post=816"}],"curies":[{"name":"wp","href":"https:\/\/api.w.org\/{rel}","templated":true}]}}