{"id":820,"date":"2026-04-12T15:43:31","date_gmt":"2026-04-12T15:43:31","guid":{"rendered":"https:\/\/silk-pajamas.com\/22-momme-sandwashed-mulberry-silk-dress-backless-champagne\/"},"modified":"2026-05-06T03:44:47","modified_gmt":"2026-05-06T03:44:47","slug":"22-momme-sandwashed-mulberry-silk-dress-backless-champagne","status":"publish","type":"product","link":"https:\/\/silk-pajamas.com\/de\/22-momme-sandwashed-mulberry-silk-dress-backless-champagne\/","title":{"rendered":"22 Momme Sandwiches Maulbeerseidenkleid r\u00fcckenfrei Champagner"},"content":{"rendered":"<p>Dieses Seidenkleid aus 22-Momme-Sandwich-Seide bietet ein atmungsaktives, sanftes Hautgef\u00fchl und elegante Bewegung. Die r\u00fcckenfreie Konstruktion und die champagnerfarbene Farbe sorgen f\u00fcr einen eleganten Look f\u00fcr Partys. Erh\u00e4ltlich in S, M, L, XL, XXL. Kalt von Hand waschen oder im Schonwaschgang.<\/p>","protected":false},"excerpt":{"rendered":"<p>22 Momme Sandwashed Seidenkleid in Champagne. R\u00fcckenfrei, atmungsaktiv und in den Gr\u00f6\u00dfen S, M, L, XL, XXL erh\u00e4ltlich. Entworfen f\u00fcr Party-Edits.<\/p>","protected":false},"featured_media":1765,"template":"","meta":{"_gspb_post_css":""},"product_brand":[],"product_cat":[29],"product_tag":[663,665,664],"class_list":{"0":"post-820","1":"product","2":"type-product","3":"status-publish","4":"has-post-thumbnail","6":"product_cat-silk-dresses","7":"product_tag-22-momme-silk-dress-champagne","8":"product_tag-manufacturer-silk-dress-for-party-edits","9":"product_tag-sandwashed-silk-dress-backless","11":"first","12":"instock","13":"shipping-taxable","14":"purchasable","15":"product-type-simple"},"_links":{"self":[{"href":"https:\/\/silk-pajamas.com\/de\/wp-json\/wp\/v2\/product\/820","targetHints":{"allow":["GET"]}}],"collection":[{"href":"https:\/\/silk-pajamas.com\/de\/wp-json\/wp\/v2\/product"}],"about":[{"href":"https:\/\/silk-pajamas.com\/de\/wp-json\/wp\/v2\/types\/product"}],"wp:featuredmedia":[{"embeddable":true,"href":"https:\/\/silk-pajamas.com\/de\/wp-json\/wp\/v2\/media\/1765"}],"wp:attachment":[{"href":"https:\/\/silk-pajamas.com\/de\/wp-json\/wp\/v2\/media?parent=820"}],"wp:term":[{"taxonomy":"product_brand","embeddable":true,"href":"https:\/\/silk-pajamas.com\/de\/wp-json\/wp\/v2\/product_brand?post=820"},{"taxonomy":"product_cat","embeddable":true,"href":"https:\/\/silk-pajamas.com\/de\/wp-json\/wp\/v2\/product_cat?post=820"},{"taxonomy":"product_tag","embeddable":true,"href":"https:\/\/silk-pajamas.com\/de\/wp-json\/wp\/v2\/product_tag?post=820"}],"curies":[{"name":"wp","href":"https:\/\/api.w.org\/{rel}","templated":true}]}}