{"id":821,"date":"2026-04-12T15:43:31","date_gmt":"2026-04-12T15:43:31","guid":{"rendered":"https:\/\/silk-pajamas.com\/16-momme-sandwashed-silk-dress-maxi-leopard\/"},"modified":"2026-05-06T03:50:24","modified_gmt":"2026-05-06T03:50:24","slug":"16-momme-sandwashed-silk-dress-maxi-leopard","status":"publish","type":"product","link":"https:\/\/silk-pajamas.com\/de\/16-momme-sandwashed-silk-dress-maxi-leopard\/","title":{"rendered":"16 Momme Sandwiches Seidenkleid Maxi Leopard"},"content":{"rendered":"<p>Dieses Seidenkleid aus 16 momme sandgewaschener Seide kombiniert Maxidetails mit einem weichen Glanz und einem atmungsaktiven Tragegef\u00fchl. Das Leoparden-Finish verleiht ihm einen raffinierten Look, w\u00e4hrend die Gr\u00f6\u00dfen XS, S, M, L, XL den Kernbedarf abdecken helfen. Geeignet f\u00fcr Partykleider und Herbstgarderobe. Kalt von Hand waschen oder im Schonwaschgang.<\/p>","protected":false},"excerpt":{"rendered":"<p>16 Momme Sandwashed Seidenkleid in Leopard. Maxi-Finish, knitterfrei und in den Gr\u00f6\u00dfen XS, S, M, L, XL erh\u00e4ltlich. Entworfen f\u00fcr Party-Edits.<\/p>","protected":false},"featured_media":1768,"template":"","meta":{"_gspb_post_css":""},"product_brand":[],"product_cat":[29],"product_tag":[666,665,667],"class_list":{"0":"post-821","1":"product","2":"type-product","3":"status-publish","4":"has-post-thumbnail","6":"product_cat-silk-dresses","7":"product_tag-16-momme-silk-dress-leopard","8":"product_tag-manufacturer-silk-dress-for-party-edits","9":"product_tag-sandwashed-silk-dress-maxi","11":"first","12":"instock","13":"shipping-taxable","14":"purchasable","15":"product-type-simple"},"_links":{"self":[{"href":"https:\/\/silk-pajamas.com\/de\/wp-json\/wp\/v2\/product\/821","targetHints":{"allow":["GET"]}}],"collection":[{"href":"https:\/\/silk-pajamas.com\/de\/wp-json\/wp\/v2\/product"}],"about":[{"href":"https:\/\/silk-pajamas.com\/de\/wp-json\/wp\/v2\/types\/product"}],"wp:featuredmedia":[{"embeddable":true,"href":"https:\/\/silk-pajamas.com\/de\/wp-json\/wp\/v2\/media\/1768"}],"wp:attachment":[{"href":"https:\/\/silk-pajamas.com\/de\/wp-json\/wp\/v2\/media?parent=821"}],"wp:term":[{"taxonomy":"product_brand","embeddable":true,"href":"https:\/\/silk-pajamas.com\/de\/wp-json\/wp\/v2\/product_brand?post=821"},{"taxonomy":"product_cat","embeddable":true,"href":"https:\/\/silk-pajamas.com\/de\/wp-json\/wp\/v2\/product_cat?post=821"},{"taxonomy":"product_tag","embeddable":true,"href":"https:\/\/silk-pajamas.com\/de\/wp-json\/wp\/v2\/product_tag?post=821"}],"curies":[{"name":"wp","href":"https:\/\/api.w.org\/{rel}","templated":true}]}}