{"id":824,"date":"2026-04-12T15:43:31","date_gmt":"2026-04-12T15:43:31","guid":{"rendered":"https:\/\/silk-pajamas.com\/19-momme-charmeuse-silk-dress-maxi-floral\/"},"modified":"2026-05-06T04:05:24","modified_gmt":"2026-05-06T04:05:24","slug":"19-momme-charmeuse-silk-dress-maxi-floral","status":"publish","type":"product","link":"https:\/\/silk-pajamas.com\/de\/19-momme-charmeuse-silk-dress-maxi-floral\/","title":{"rendered":"19 Momme Charmeuse Seidenkleid Maxi Floral"},"content":{"rendered":"<p>Dieses Seidenkleid aus 19 Momme-Charmeuse-Seide ist thermoregulierend, f\u00fchlt sich angenehm auf der Haut an und bietet elegante Bewegungsfreiheit. Die Maxi-Konstruktion und die florale Farbe sorgen f\u00fcr einen eleganten Look f\u00fcr Partys. Erh\u00e4ltlich in XS, S, M, L, XL. Handw\u00e4sche kalt oder im Schonwaschgang.<\/p>","protected":false},"excerpt":{"rendered":"<p>19 Momme Charmeuse Seidenkleid in Floral. Maxi-Finish, thermoregulierendes Gef\u00fchl und Gr\u00f6\u00dfenauswahl XS, S, M, L, XL. Entworfen f\u00fcr Party-Edits.<\/p>","protected":false},"featured_media":1777,"template":"","meta":{"_gspb_post_css":""},"product_brand":[],"product_cat":[29],"product_tag":[672,673,651],"class_list":{"0":"post-824","1":"product","2":"type-product","3":"status-publish","4":"has-post-thumbnail","6":"product_cat-silk-dresses","7":"product_tag-19-momme-silk-dress-floral","8":"product_tag-charmeuse-silk-dress-maxi","9":"product_tag-factory-silk-dress-for-party-edits","11":"first","12":"instock","13":"shipping-taxable","14":"purchasable","15":"product-type-simple"},"_links":{"self":[{"href":"https:\/\/silk-pajamas.com\/de\/wp-json\/wp\/v2\/product\/824","targetHints":{"allow":["GET"]}}],"collection":[{"href":"https:\/\/silk-pajamas.com\/de\/wp-json\/wp\/v2\/product"}],"about":[{"href":"https:\/\/silk-pajamas.com\/de\/wp-json\/wp\/v2\/types\/product"}],"wp:featuredmedia":[{"embeddable":true,"href":"https:\/\/silk-pajamas.com\/de\/wp-json\/wp\/v2\/media\/1777"}],"wp:attachment":[{"href":"https:\/\/silk-pajamas.com\/de\/wp-json\/wp\/v2\/media?parent=824"}],"wp:term":[{"taxonomy":"product_brand","embeddable":true,"href":"https:\/\/silk-pajamas.com\/de\/wp-json\/wp\/v2\/product_brand?post=824"},{"taxonomy":"product_cat","embeddable":true,"href":"https:\/\/silk-pajamas.com\/de\/wp-json\/wp\/v2\/product_cat?post=824"},{"taxonomy":"product_tag","embeddable":true,"href":"https:\/\/silk-pajamas.com\/de\/wp-json\/wp\/v2\/product_tag?post=824"}],"curies":[{"name":"wp","href":"https:\/\/api.w.org\/{rel}","templated":true}]}}