{"id":825,"date":"2026-04-12T15:43:31","date_gmt":"2026-04-12T15:43:31","guid":{"rendered":"https:\/\/silk-pajamas.com\/22-momme-mulberry-silk-dress-midi-rose-supplier\/"},"modified":"2026-05-06T06:03:54","modified_gmt":"2026-05-06T06:03:54","slug":"22-momme-mulberry-silk-dress-midi-rose-supplier","status":"publish","type":"product","link":"https:\/\/silk-pajamas.com\/de\/22-momme-mulberry-silk-dress-midi-rose-supplier\/","title":{"rendered":"22 Momme Mulberry Seidenkleid Midi Rose Lieferant"},"content":{"rendered":"<p>Dieses Seidenkleid ist aus 22 momme Maulbeerseide in einem Rosaton gefertigt. Es hat eine Midi-L\u00e4nge, ein weiches Tragegef\u00fchl und einen bequemen Faltenwurf f\u00fcr Party-Edits. Das Modell ist in den Gr\u00f6\u00dfen S, M, L, XL und XXL erh\u00e4ltlich und eignet sich gut f\u00fcr den Herbst, als Geschenk und f\u00fcr den t\u00e4glichen Komfort. Kalt von Hand waschen oder im Schonwaschgang.<\/p>","protected":false},"excerpt":{"rendered":"<p>22 Momme Mulberry Seidenkleid in Rose. Midi-Ausf\u00fchrung, knitterfrei und in den Gr\u00f6\u00dfen S, M, L, XL, XXL erh\u00e4ltlich. Entworfen f\u00fcr Party-Edits.<\/p>","protected":false},"featured_media":1785,"template":"","meta":{"_gspb_post_css":""},"product_brand":[],"product_cat":[29],"product_tag":[674,675,676],"class_list":{"0":"post-825","1":"product","2":"type-product","3":"status-publish","4":"has-post-thumbnail","6":"product_cat-silk-dresses","7":"product_tag-22-momme-silk-dress-rose","8":"product_tag-mulberry-silk-dress-midi","9":"product_tag-supplier-silk-dress-for-party-edits","11":"first","12":"instock","13":"shipping-taxable","14":"purchasable","15":"product-type-simple"},"_links":{"self":[{"href":"https:\/\/silk-pajamas.com\/de\/wp-json\/wp\/v2\/product\/825","targetHints":{"allow":["GET"]}}],"collection":[{"href":"https:\/\/silk-pajamas.com\/de\/wp-json\/wp\/v2\/product"}],"about":[{"href":"https:\/\/silk-pajamas.com\/de\/wp-json\/wp\/v2\/types\/product"}],"wp:featuredmedia":[{"embeddable":true,"href":"https:\/\/silk-pajamas.com\/de\/wp-json\/wp\/v2\/media\/1785"}],"wp:attachment":[{"href":"https:\/\/silk-pajamas.com\/de\/wp-json\/wp\/v2\/media?parent=825"}],"wp:term":[{"taxonomy":"product_brand","embeddable":true,"href":"https:\/\/silk-pajamas.com\/de\/wp-json\/wp\/v2\/product_brand?post=825"},{"taxonomy":"product_cat","embeddable":true,"href":"https:\/\/silk-pajamas.com\/de\/wp-json\/wp\/v2\/product_cat?post=825"},{"taxonomy":"product_tag","embeddable":true,"href":"https:\/\/silk-pajamas.com\/de\/wp-json\/wp\/v2\/product_tag?post=825"}],"curies":[{"name":"wp","href":"https:\/\/api.w.org\/{rel}","templated":true}]}}