{"id":827,"date":"2026-04-12T15:43:32","date_gmt":"2026-04-12T15:43:32","guid":{"rendered":"https:\/\/silk-pajamas.com\/16-momme-mulberry-silk-dress-slip-blush-wholesale\/"},"modified":"2026-04-20T03:01:09","modified_gmt":"2026-04-20T03:01:09","slug":"16-momme-mulberry-silk-dress-slip-blush-wholesale","status":"publish","type":"product","link":"https:\/\/silk-pajamas.com\/de\/16-momme-mulberry-silk-dress-slip-blush-wholesale\/","title":{"rendered":"16 Momme Mulberry Silk Dress Slip Blush Gro\u00dfhandel"},"content":{"rendered":"<p>Dieses Seidenkleid aus 16 momme Maulbeerseide kombiniert Schlupfdetails mit einem sanften Glanz und einem atmungsaktiven Tragegef\u00fchl. Das err\u00f6tende Finish verleiht ihm einen raffinierten Look, w\u00e4hrend die Gr\u00f6\u00dfen S, M, L, XL, XXL den Kernbedarf decken. Geeignet f\u00fcr Gelegenheitsgarderobe und Fr\u00fchlingsgarderobe. Kalt von Hand waschen oder im Schonwaschgang.<\/p>","protected":false},"excerpt":{"rendered":"<p>16 Momme Mulberry Seide Seidenkleid in Blush. Schl\u00fcpfende Verarbeitung, weicher Faltenwurf und Gr\u00f6\u00dfenauswahl S, M, L, XL, XXL. Konzipiert f\u00fcr die Abendgarderobe.<\/p>","protected":false},"featured_media":1697,"template":"","meta":{"_gspb_post_css":""},"product_brand":[],"product_cat":[29],"product_tag":[679,680,648],"class_list":{"0":"post-827","1":"product","2":"type-product","3":"status-publish","4":"has-post-thumbnail","6":"product_cat-silk-dresses","7":"product_tag-16-momme-silk-dress-blush","8":"product_tag-mulberry-silk-dress-slip","9":"product_tag-vendor-silk-dress-for-occasion-dressing","11":"first","12":"instock","13":"shipping-taxable","14":"purchasable","15":"product-type-simple"},"_links":{"self":[{"href":"https:\/\/silk-pajamas.com\/de\/wp-json\/wp\/v2\/product\/827","targetHints":{"allow":["GET"]}}],"collection":[{"href":"https:\/\/silk-pajamas.com\/de\/wp-json\/wp\/v2\/product"}],"about":[{"href":"https:\/\/silk-pajamas.com\/de\/wp-json\/wp\/v2\/types\/product"}],"wp:featuredmedia":[{"embeddable":true,"href":"https:\/\/silk-pajamas.com\/de\/wp-json\/wp\/v2\/media\/1697"}],"wp:attachment":[{"href":"https:\/\/silk-pajamas.com\/de\/wp-json\/wp\/v2\/media?parent=827"}],"wp:term":[{"taxonomy":"product_brand","embeddable":true,"href":"https:\/\/silk-pajamas.com\/de\/wp-json\/wp\/v2\/product_brand?post=827"},{"taxonomy":"product_cat","embeddable":true,"href":"https:\/\/silk-pajamas.com\/de\/wp-json\/wp\/v2\/product_cat?post=827"},{"taxonomy":"product_tag","embeddable":true,"href":"https:\/\/silk-pajamas.com\/de\/wp-json\/wp\/v2\/product_tag?post=827"}],"curies":[{"name":"wp","href":"https:\/\/api.w.org\/{rel}","templated":true}]}}